{"id":6572,"date":"2024-05-22T19:58:00","date_gmt":"2024-05-22T19:58:00","guid":{"rendered":"https:\/\/perfectieathome.be\/trouver-une-aide-menagere\/"},"modified":"2024-09-04T08:51:27","modified_gmt":"2024-09-04T08:51:27","slug":"trouver-une-aide-menagere","status":"publish","type":"page","link":"https:\/\/perfectieathome.be\/fr\/trouver-une-aide-menagere\/","title":{"rendered":"Trouver une aide m\u00e9nag\u00e8re"},"content":{"rendered":"\t\t<div data-elementor-type=\"wp-page\" data-elementor-id=\"6572\" class=\"elementor elementor-6572 elementor-4205\" data-elementor-post-type=\"page\">\n\t\t\t\t\t\t<section class=\"elementor-section elementor-top-section elementor-element elementor-element-e10a02e elementor-section-stretched elementor-section-boxed elementor-section-height-default elementor-section-height-default\" data-id=\"e10a02e\" data-element_type=\"section\" data-settings=\"{&quot;stretch_section&quot;:&quot;section-stretched&quot;}\">\n\t\t\t\t\t\t<div class=\"elementor-container elementor-column-gap-default\">\n\t\t\t\t\t<div class=\"elementor-column elementor-col-50 elementor-top-column elementor-element elementor-element-e3c892e\" data-id=\"e3c892e\" data-element_type=\"column\">\n\t\t\t<div class=\"elementor-widget-wrap elementor-element-populated\">\n\t\t\t\t\t\t<div class=\"elementor-element elementor-element-be0604a image-width-fit elementor-widget__width-initial elementor-invisible elementor-widget elementor-widget-mae-gallery-stack\" data-id=\"be0604a\" data-element_type=\"widget\" data-settings=\"{&quot;_animation&quot;:&quot;fadeInUpSmall&quot;,&quot;_animation_delay&quot;:350}\" data-widget_type=\"mae-gallery-stack.default\">\n\t\t\t\t<div class=\"elementor-widget-container\">\n\t\t\t\t\t\t\t<div class=\"master-gallery-stack\">\n\t\t\t<div class=\"master-fancy-image elementor-repeater-item-\" data-top=\"0px\">\n\t\t\t\t\t\t\t\t\t\t<div class=\"image-wrap\"><img decoding=\"async\" alt=\"\" src=\"\"\/><\/div>\n\t\t\t\t\t\t\t\t\t<\/div>\t\t<\/div>\n\t    \t\t\t\t<\/div>\n\t\t\t\t<\/div>\n\t\t\t\t<div class=\"elementor-element elementor-element-afb2d38 image-width-fit elementor-widget__width-initial elementor-invisible elementor-widget elementor-widget-mae-gallery-stack\" data-id=\"afb2d38\" data-element_type=\"widget\" data-settings=\"{&quot;_animation&quot;:&quot;fadeInUpSmall&quot;,&quot;_animation_delay&quot;:500}\" data-widget_type=\"mae-gallery-stack.default\">\n\t\t\t\t<div class=\"elementor-widget-container\">\n\t\t\t\t\t\t\t<div class=\"master-gallery-stack\">\n\t\t\t<div class=\"master-fancy-image elementor-repeater-item-facf3a3\" data-top=\"0px\">\n\t\t\t\t\t\t\t\t\t\t<div class=\"image-wrap\"><img fetchpriority=\"high\" decoding=\"async\" width=\"530\" height=\"715\" src=\"https:\/\/perfectieathome.be\/app\/uploads\/2024\/07\/Ontwerp-zonder-titel-10.png\" class=\"attachment-full size-full\" alt=\"\" srcset=\"https:\/\/perfectieathome.be\/app\/uploads\/2024\/07\/Ontwerp-zonder-titel-10.png 530w, https:\/\/perfectieathome.be\/app\/uploads\/2024\/07\/Ontwerp-zonder-titel-10-222x300.png 222w\" sizes=\"(max-width: 530px) 100vw, 530px\" \/><\/div>\n\t\t\t\t\t\t\t\t\t<\/div><div class=\"master-shape elementor-repeater-item-93d564e\"><\/div>\t\t<\/div>\n\t    \t\t\t\t<\/div>\n\t\t\t\t<\/div>\n\t\t\t\t\t<\/div>\n\t\t<\/div>\n\t\t\t\t<div class=\"elementor-column elementor-col-50 elementor-top-column elementor-element elementor-element-e359973\" data-id=\"e359973\" data-element_type=\"column\">\n\t\t\t<div class=\"elementor-widget-wrap elementor-element-populated\">\n\t\t\t\t\t\t<div class=\"elementor-element elementor-element-12203c5 elementor-view-default elementor-widget elementor-widget-icon\" data-id=\"12203c5\" data-element_type=\"widget\" data-widget_type=\"icon.default\">\n\t\t\t\t<div class=\"elementor-widget-container\">\n\t\t\t\t\t\t\t<div class=\"elementor-icon-wrapper\">\n\t\t\t<div class=\"elementor-icon\">\n\t\t\t<svg xmlns=\"http:\/\/www.w3.org\/2000\/svg\" xmlns:xlink=\"http:\/\/www.w3.org\/1999\/xlink\" x=\"0px\" y=\"0px\" viewBox=\"0 0 285 285\" style=\"enable-background:new 0 0 285 285;\" xml:space=\"preserve\"><path d=\"M189.8,171.6c0,4.1-3.4,7.5-7.5,7.5c-4.1,0-7.5-3.4-7.5-7.5c0-4.1,3.4-7.5,7.5-7.5C186.4,164.1,189.8,167.4,189.8,171.6 L189.8,171.6z M189.8,171.6\"><\/path><path d=\"M202.3,165.1c2.1,3.6,6.7,4.7,10.3,2.6c19.6-11.6,42.1-17.8,65-17.8c4.1,0,7.5-3.4,7.5-7.5s-3.4-7.5-7.5-7.5 C207.2,135,150,77.8,150,7.5c0-4.1-3.4-7.5-7.5-7.5c-4.1,0-7.5,3.4-7.5,7.5C135,77.8,77.8,135,7.5,135c-4.1,0-7.5,3.4-7.5,7.5 s3.4,7.5,7.5,7.5C77.8,150,135,207.2,135,277.5c0,4.1,3.4,7.5,7.5,7.5c4.1,0,7.5-3.4,7.5-7.5c0-22.9,6.1-45.4,17.8-65 c2.1-3.6,0.9-8.2-2.6-10.3c-3.6-2.1-8.2-0.9-10.3,2.6c-5.1,8.6-9.2,17.6-12.4,26.9c-14.2-41.9-47.4-75.1-89.3-89.3 c41.9-14.2,75.1-47.4,89.3-89.3c14.2,41.9,47.4,75.1,89.3,89.3c-9.4,3.2-18.4,7.3-26.9,12.4C201.3,157,200.1,161.6,202.3,165.1 L202.3,165.1z M202.3,165.1\"><\/path><\/svg>\t\t\t<\/div>\n\t\t<\/div>\n\t\t\t\t\t\t<\/div>\n\t\t\t\t<\/div>\n\t\t\t\t<div class=\"elementor-element elementor-element-a3f2700 heading-default elementor-widget elementor-widget-mae-headings\" data-id=\"a3f2700\" data-element_type=\"widget\" data-widget_type=\"mae-headings.default\">\n\t\t\t\t<div class=\"elementor-widget-container\">\n\t\t\t\t\t\t\t<div class=\"master-heading sep-none\">\n\t\t\t\t        \t        \t<div class=\"pre-heading\"><span class=\"line\"><span class=\"inner\"><\/span><\/span>Poetshulp met dienstencheques<\/div>\n\t        \n\t        \n\t        \t        <h2 class=\"main-heading\">Betrouwbare en vaste poetshulp gezocht<\/h2>\n\t        \n\t        \n\t        \t    <\/div>\n\t    \t\t\t\t<\/div>\n\t\t\t\t<\/div>\n\t\t\t\t<div class=\"elementor-element elementor-element-bf0f229 elementor-widget elementor-widget-text-editor\" data-id=\"bf0f229\" data-element_type=\"widget\" data-widget_type=\"text-editor.default\">\n\t\t\t\t<div class=\"elementor-widget-container\">\n\t\t\t\t\t\t\t\t\t<p>Vous \u00eates \u00e0 la recherche d&#8217;une aide-m\u00e9nag\u00e8re fiable et exp\u00e9riment\u00e9e? Chez Perfectie @ Home, vous b\u00e9n\u00e9ficiez d&#8217;un service de haute qualit\u00e9 et d&#8217;une large gamme de prestations, y compris le nettoyage, la cuisine et le repassage. De plus, vous pouvez \u00e9galement utiliser notre atelier de repassage, o\u00f9 vous pouvez d\u00e9poser votre linge \u00e0 repasser. Avec les ch\u00e8ques-services, notre service est \u00e0 la fois \u00e9conomique et pratique. Vous d\u00e9cidez des t\u00e2ches que notre aide doit accomplir, afin que vous puissiez profiter d&#8217;une maison impeccable sans soucis. Demandez d\u00e8s aujourd&#8217;hui votre aide-m\u00e9nag\u00e8re et d\u00e9couvrez la commodit\u00e9 !<\/p>\n\t\t\t\t\t\t\t\t<\/div>\n\t\t\t\t<\/div>\n\t\t\t\t<div class=\"elementor-element elementor-element-cda569f elementor-widget__width-auto elementor-widget elementor-widget-mae-button\" data-id=\"cda569f\" data-element_type=\"widget\" data-widget_type=\"mae-button.default\">\n\t\t\t\t<div class=\"elementor-widget-container\">\n\t\t\t\t\t\n        <a class=\"master-button btn-accent icon-right medium\" href=\"https:\/\/perfectieathome.be\/gratis-aanvraag\/\" \n            >\n\n            <span class=\"inner\">\n                <span class=\"content-base\">\n                                        <span class=\"text\">Vraag poetshulp aan<\/span>\n                    <span class=\"icon ci ci-right-arrow\"><\/span>                <\/span>\n            <\/span>\n\n            <span class=\"bg-hover\"><\/span>        <\/a>\n\n        \t\t\t\t<\/div>\n\t\t\t\t<\/div>\n\t\t\t\t<div class=\"elementor-element elementor-element-040b3d1 shaking elementor-widget__width-auto elementor-absolute elementor-widget elementor-widget-image\" data-id=\"040b3d1\" data-element_type=\"widget\" data-settings=\"{&quot;_position&quot;:&quot;absolute&quot;}\" data-widget_type=\"image.default\">\n\t\t\t\t<div class=\"elementor-widget-container\">\n\t\t\t\t\t\t\t\t\t\t\t\t\t\t\t<img decoding=\"async\" width=\"543\" height=\"612\" data-src=\"https:\/\/perfectieathome.be\/app\/uploads\/2022\/02\/about-shape.png\" class=\"attachment-large size-large wp-image-6127 lazyload\" alt=\"\" data-srcset=\"https:\/\/perfectieathome.be\/app\/uploads\/2022\/02\/about-shape.png 543w, https:\/\/perfectieathome.be\/app\/uploads\/2022\/02\/about-shape-266x300.png 266w\" data-sizes=\"(max-width: 543px) 100vw, 543px\" src=\"data:image\/svg+xml;base64,PHN2ZyB3aWR0aD0iMSIgaGVpZ2h0PSIxIiB4bWxucz0iaHR0cDovL3d3dy53My5vcmcvMjAwMC9zdmciPjwvc3ZnPg==\" style=\"--smush-placeholder-width: 543px; --smush-placeholder-aspect-ratio: 543\/612;\" \/>\t\t\t\t\t\t\t\t\t\t\t\t\t\t\t<\/div>\n\t\t\t\t<\/div>\n\t\t\t\t\t<\/div>\n\t\t<\/div>\n\t\t\t\t\t<\/div>\n\t\t<\/section>\n\t\t\t\t<section class=\"elementor-section elementor-top-section elementor-element elementor-element-8ff8e10 elementor-section-content-middle elementor-section-full_width elementor-section-stretched elementor-section-height-default elementor-section-height-default\" data-id=\"8ff8e10\" data-element_type=\"section\" data-settings=\"{&quot;stretch_section&quot;:&quot;section-stretched&quot;,&quot;background_background&quot;:&quot;classic&quot;}\">\n\t\t\t\t\t\t<div class=\"elementor-container elementor-column-gap-no\">\n\t\t\t\t\t<div class=\"elementor-column elementor-col-50 elementor-top-column elementor-element elementor-element-a34028d animated-slow elementor-invisible\" data-id=\"a34028d\" data-element_type=\"column\" data-settings=\"{&quot;background_background&quot;:&quot;classic&quot;,&quot;animation&quot;:&quot;fadeIn&quot;,&quot;animation_delay&quot;:350}\">\n\t\t\t<div class=\"elementor-widget-wrap elementor-element-populated\">\n\t\t\t\t\t\t<div class=\"elementor-element elementor-element-8f20034 elementor-widget elementor-widget-shortcode\" data-id=\"8f20034\" data-element_type=\"widget\" data-widget_type=\"shortcode.default\">\n\t\t\t\t<div class=\"elementor-widget-container\">\n\t\t\t\t\t\t\t<div class=\"elementor-shortcode\"><\/div>\n\t\t\t\t\t\t<\/div>\n\t\t\t\t<\/div>\n\t\t\t\t\t<\/div>\n\t\t<\/div>\n\t\t\t\t<div class=\"elementor-column elementor-col-50 elementor-top-column elementor-element elementor-element-013b005 animated-slow elementor-invisible\" data-id=\"013b005\" data-element_type=\"column\" data-settings=\"{&quot;background_background&quot;:&quot;classic&quot;,&quot;animation&quot;:&quot;fadeIn&quot;,&quot;animation_delay&quot;:500}\">\n\t\t\t<div class=\"elementor-widget-wrap elementor-element-populated\">\n\t\t\t\t\t\t<div class=\"elementor-element elementor-element-11c9813 align-left heading-style-1 elementor-widget elementor-widget-mae-headings\" data-id=\"11c9813\" data-element_type=\"widget\" data-widget_type=\"mae-headings.default\">\n\t\t\t\t<div class=\"elementor-widget-container\">\n\t\t\t\t\t\t\t<div class=\"master-heading sep-none\">\n\t\t\t\t        \n\t        \n\t        \t        <h2 class=\"main-heading\">Altijd een kantoor in uw buurt...<\/h2>\n\t        \n\t        \n\t        \t            <div class=\"sub-heading\">Onze kantoren zijn dankzij de centrale ligging ook eenvoudig bereikbaar met het openbaar vervoer.<\/div>\n\t        \t    <\/div>\n\t    \t\t\t\t<\/div>\n\t\t\t\t<\/div>\n\t\t\t\t<div class=\"elementor-element elementor-element-f7bb87c elementor-widget__width-auto elementor-widget elementor-widget-mae-button\" data-id=\"f7bb87c\" data-element_type=\"widget\" data-widget_type=\"mae-button.default\">\n\t\t\t\t<div class=\"elementor-widget-container\">\n\t\t\t\t\t\n        <a class=\"master-button btn-accent icon-right medium\" href=\"\/onze-kantoren\" \n            >\n\n            <span class=\"inner\">\n                <span class=\"content-base\">\n                                        <span class=\"text\">Onze kantoren<\/span>\n                    <span class=\"icon ci ci-right-arrow\"><\/span>                <\/span>\n            <\/span>\n\n            <span class=\"bg-hover\"><\/span>        <\/a>\n\n        \t\t\t\t<\/div>\n\t\t\t\t<\/div>\n\t\t\t\t\t<\/div>\n\t\t<\/div>\n\t\t\t\t\t<\/div>\n\t\t<\/section>\n\t\t\t\t<section class=\"elementor-section elementor-top-section elementor-element elementor-element-630b67a elementor-section-stretched overflow-hidden elementor-section-boxed elementor-section-height-default elementor-section-height-default\" data-id=\"630b67a\" data-element_type=\"section\" data-settings=\"{&quot;stretch_section&quot;:&quot;section-stretched&quot;}\">\n\t\t\t\t\t\t\t<div class=\"elementor-background-overlay\"><\/div>\n\t\t\t\t\t\t\t<div class=\"elementor-container elementor-column-gap-no\">\n\t\t\t\t\t<div class=\"elementor-column elementor-col-100 elementor-top-column elementor-element elementor-element-e62d65d\" data-id=\"e62d65d\" data-element_type=\"column\">\n\t\t\t<div class=\"elementor-widget-wrap elementor-element-populated\">\n\t\t\t\t\t\t<div class=\"elementor-element elementor-element-70a961e elementor-view-default elementor-widget elementor-widget-icon\" data-id=\"70a961e\" data-element_type=\"widget\" data-widget_type=\"icon.default\">\n\t\t\t\t<div class=\"elementor-widget-container\">\n\t\t\t\t\t\t\t<div class=\"elementor-icon-wrapper\">\n\t\t\t<div class=\"elementor-icon\">\n\t\t\t<svg xmlns=\"http:\/\/www.w3.org\/2000\/svg\" xmlns:xlink=\"http:\/\/www.w3.org\/1999\/xlink\" x=\"0px\" y=\"0px\" viewBox=\"0 0 285 285\" style=\"enable-background:new 0 0 285 285;\" xml:space=\"preserve\"><path d=\"M189.8,171.6c0,4.1-3.4,7.5-7.5,7.5c-4.1,0-7.5-3.4-7.5-7.5c0-4.1,3.4-7.5,7.5-7.5C186.4,164.1,189.8,167.4,189.8,171.6 L189.8,171.6z M189.8,171.6\"><\/path><path d=\"M202.3,165.1c2.1,3.6,6.7,4.7,10.3,2.6c19.6-11.6,42.1-17.8,65-17.8c4.1,0,7.5-3.4,7.5-7.5s-3.4-7.5-7.5-7.5 C207.2,135,150,77.8,150,7.5c0-4.1-3.4-7.5-7.5-7.5c-4.1,0-7.5,3.4-7.5,7.5C135,77.8,77.8,135,7.5,135c-4.1,0-7.5,3.4-7.5,7.5 s3.4,7.5,7.5,7.5C77.8,150,135,207.2,135,277.5c0,4.1,3.4,7.5,7.5,7.5c4.1,0,7.5-3.4,7.5-7.5c0-22.9,6.1-45.4,17.8-65 c2.1-3.6,0.9-8.2-2.6-10.3c-3.6-2.1-8.2-0.9-10.3,2.6c-5.1,8.6-9.2,17.6-12.4,26.9c-14.2-41.9-47.4-75.1-89.3-89.3 c41.9-14.2,75.1-47.4,89.3-89.3c14.2,41.9,47.4,75.1,89.3,89.3c-9.4,3.2-18.4,7.3-26.9,12.4C201.3,157,200.1,161.6,202.3,165.1 L202.3,165.1z M202.3,165.1\"><\/path><\/svg>\t\t\t<\/div>\n\t\t<\/div>\n\t\t\t\t\t\t<\/div>\n\t\t\t\t<\/div>\n\t\t\t\t<div class=\"elementor-element elementor-element-d2cd371 heading-default align-center elementor-widget elementor-widget-mae-headings\" data-id=\"d2cd371\" data-element_type=\"widget\" data-widget_type=\"mae-headings.default\">\n\t\t\t\t<div class=\"elementor-widget-container\">\n\t\t\t\t\t\t\t<div class=\"master-heading sep-none\">\n\t\t\t\t        \t        \t<div class=\"pre-heading\"><span class=\"line\"><span class=\"inner\"><\/span><\/span>Voordelige huishoudhulp met dienstencheques<\/div>\n\t        \n\t        \n\t        \t        <h2 class=\"main-heading\">Een stralend huis zonder zorgen<\/h2>\n\t        \n\t        \n\t        \t            <div class=\"sub-heading\">Op zoek naar een betrouwbare en ervaren huishoudhulp? Onze huishoudhulp biedt topkwaliteit met diverse diensten zoals schoonmaken, koken en strijken. Met dienstencheques profiteer je van voordelige en handige huishoudelijke hulp. Jij bepaalt welke taken onze hulp uitvoert. Geniet van een stralend en schoon huis zonder zorgen! Vraag vandaag nog jouw poetshulp aan en ervaar het verschil.\n<\/div>\n\t        \t    <\/div>\n\t    \t\t\t\t<\/div>\n\t\t\t\t<\/div>\n\t\t\t\t<section class=\"elementor-section elementor-inner-section elementor-element elementor-element-4902076 elementor-section-boxed elementor-section-height-default elementor-section-height-default\" data-id=\"4902076\" data-element_type=\"section\">\n\t\t\t\t\t\t<div class=\"elementor-container elementor-column-gap-default\">\n\t\t\t\t\t<div class=\"elementor-column elementor-col-50 elementor-inner-column elementor-element elementor-element-3cb36b4\" data-id=\"3cb36b4\" data-element_type=\"column\">\n\t\t\t<div class=\"elementor-widget-wrap elementor-element-populated\">\n\t\t\t\t\t\t<div class=\"elementor-element elementor-element-2800a6b heading-style-1 elementor-widget elementor-widget-mae-headings\" data-id=\"2800a6b\" data-element_type=\"widget\" data-widget_type=\"mae-headings.default\">\n\t\t\t\t<div class=\"elementor-widget-container\">\n\t\t\t\t\t\t\t<div class=\"master-heading sep-none\">\n\t\t\t\t        \n\t        \n\t        \t        <h2 class=\"main-heading\">Schoonmaken van je huis<\/h2>\n\t        \n\t        \n\t        \t            <div class=\"sub-heading\">Wij nemen de volledige reiniging van je huis onder handen, van vloeren tot ramen en zelfs de douche. Met onze zorgvuldige aanpak maken we elk hoekje en gaatje grondig schoon. Jouw huis is altijd fris en spik en span.<\/div>\n\t        \t    <\/div>\n\t    \t\t\t\t<\/div>\n\t\t\t\t<\/div>\n\t\t\t\t<div class=\"elementor-element elementor-element-298c6e9 heading-style-1 elementor-widget elementor-widget-mae-headings\" data-id=\"298c6e9\" data-element_type=\"widget\" data-widget_type=\"mae-headings.default\">\n\t\t\t\t<div class=\"elementor-widget-container\">\n\t\t\t\t\t\t\t<div class=\"master-heading sep-none\">\n\t\t\t\t        \n\t        \n\t        \t        <h2 class=\"main-heading\">Bereiden van maaltijden<\/h2>\n\t        \n\t        \n\t        \t            <div class=\"sub-heading\">Stel je voor: thuiskomen na een lange dag en een heerlijke, zelfgemaakte maaltijd wacht op je in de koelkast. Onze huishoudhulpen bereiden jouw favoriete gerechten, zodat je kunt genieten van vers en lekker eten zonder enige moeite. Ontspannen dineren was nog nooit zo eenvoudig.<\/div>\n\t        \t    <\/div>\n\t    \t\t\t\t<\/div>\n\t\t\t\t<\/div>\n\t\t\t\t\t<\/div>\n\t\t<\/div>\n\t\t\t\t<div class=\"elementor-column elementor-col-50 elementor-inner-column elementor-element elementor-element-6ed8855\" data-id=\"6ed8855\" data-element_type=\"column\">\n\t\t\t<div class=\"elementor-widget-wrap elementor-element-populated\">\n\t\t\t\t\t\t<div class=\"elementor-element elementor-element-1aae538 heading-style-1 elementor-widget elementor-widget-mae-headings\" data-id=\"1aae538\" data-element_type=\"widget\" data-widget_type=\"mae-headings.default\">\n\t\t\t\t<div class=\"elementor-widget-container\">\n\t\t\t\t\t\t\t<div class=\"master-heading sep-none\">\n\t\t\t\t        \n\t        \n\t        \t        <h2 class=\"main-heading\">Strijkwerk<\/h2>\n\t        \n\t        \n\t        \t            <div class=\"sub-heading\">Geen berg strijkwerk is te groot voor ons. Onze huishoudhulpen zorgen ervoor dat al je kleding en linnengoed brandschoon en kreukvrij zijn. Je ziet er altijd piekfijn uit, terwijl jij je tijd aan andere dingen kunt besteden.<\/div>\n\t        \t    <\/div>\n\t    \t\t\t\t<\/div>\n\t\t\t\t<\/div>\n\t\t\t\t\t<\/div>\n\t\t<\/div>\n\t\t\t\t\t<\/div>\n\t\t<\/section>\n\t\t\t\t\t<\/div>\n\t\t<\/div>\n\t\t\t\t\t<\/div>\n\t\t<\/section>\n\t\t\t\t<\/div>\n\t\t","protected":false},"excerpt":{"rendered":"<p>Poetshulp met dienstencheques Betrouwbare en vaste poetshulp gezocht Vous \u00eates \u00e0 la recherche d&#8217;une aide-m\u00e9nag\u00e8re fiable et exp\u00e9riment\u00e9e? Chez Perfectie @ Home, vous b\u00e9n\u00e9ficiez d&#8217;un service de haute qualit\u00e9 et d&#8217;une large gamme de prestations, y compris le nettoyage, la cuisine et le repassage. De plus, vous pouvez \u00e9galement utiliser<\/p>\n","protected":false},"author":2,"featured_media":0,"parent":0,"menu_order":0,"comment_status":"closed","ping_status":"closed","template":"","meta":{"_acf_changed":false,"inline_featured_image":false,"footnotes":""},"class_list":["post-6572","page","type-page","status-publish","hentry"],"acf":[],"yoast_head":"<!-- This site is optimized with the Yoast SEO plugin v26.5 - https:\/\/yoast.com\/wordpress\/plugins\/seo\/ -->\n<title>Trouver une aide m\u00e9nag\u00e8re - Perfectie @ home<\/title>\n<meta name=\"robots\" content=\"index, follow, max-snippet:-1, max-image-preview:large, max-video-preview:-1\" \/>\n<link rel=\"canonical\" href=\"https:\/\/perfectieathome.be\/fr\/trouver-une-aide-menagere\/\" \/>\n<meta property=\"og:locale\" content=\"fr_FR\" \/>\n<meta property=\"og:type\" content=\"article\" \/>\n<meta property=\"og:title\" content=\"Trouver une aide m\u00e9nag\u00e8re - Perfectie @ home\" \/>\n<meta property=\"og:description\" content=\"Poetshulp met dienstencheques Betrouwbare en vaste poetshulp gezocht Vous \u00eates \u00e0 la recherche d&#8217;une aide-m\u00e9nag\u00e8re fiable et exp\u00e9riment\u00e9e? Chez Perfectie @ Home, vous b\u00e9n\u00e9ficiez d&#8217;un service de haute qualit\u00e9 et d&#8217;une large gamme de prestations, y compris le nettoyage, la cuisine et le repassage. De plus, vous pouvez \u00e9galement utiliser\" \/>\n<meta property=\"og:url\" content=\"https:\/\/perfectieathome.be\/fr\/trouver-une-aide-menagere\/\" \/>\n<meta property=\"og:site_name\" content=\"Perfectie @ home\" \/>\n<meta property=\"article:modified_time\" content=\"2024-09-04T08:51:27+00:00\" \/>\n<meta property=\"og:image\" content=\"https:\/\/perfectieathome.be\/app\/uploads\/2024\/07\/Ontwerp-zonder-titel-10.png\" \/>\n<meta name=\"twitter:card\" content=\"summary_large_image\" \/>\n<meta name=\"twitter:label1\" content=\"Est. reading time\" \/>\n\t<meta name=\"twitter:data1\" content=\"2 minutes\" \/>\n<script type=\"application\/ld+json\" class=\"yoast-schema-graph\">{\"@context\":\"https:\/\/schema.org\",\"@graph\":[{\"@type\":\"WebPage\",\"@id\":\"https:\/\/perfectieathome.be\/fr\/trouver-une-aide-menagere\/\",\"url\":\"https:\/\/perfectieathome.be\/fr\/trouver-une-aide-menagere\/\",\"name\":\"Trouver une aide m\u00e9nag\u00e8re - Perfectie @ home\",\"isPartOf\":{\"@id\":\"https:\/\/perfectieathome.be\/fr\/#website\"},\"primaryImageOfPage\":{\"@id\":\"https:\/\/perfectieathome.be\/fr\/trouver-une-aide-menagere\/#primaryimage\"},\"image\":{\"@id\":\"https:\/\/perfectieathome.be\/fr\/trouver-une-aide-menagere\/#primaryimage\"},\"thumbnailUrl\":\"https:\/\/perfectieathome.be\/app\/uploads\/2024\/07\/Ontwerp-zonder-titel-10.png\",\"datePublished\":\"2024-05-22T19:58:00+00:00\",\"dateModified\":\"2024-09-04T08:51:27+00:00\",\"breadcrumb\":{\"@id\":\"https:\/\/perfectieathome.be\/fr\/trouver-une-aide-menagere\/#breadcrumb\"},\"inLanguage\":\"fr-FR\",\"potentialAction\":[{\"@type\":\"ReadAction\",\"target\":[\"https:\/\/perfectieathome.be\/fr\/trouver-une-aide-menagere\/\"]}]},{\"@type\":\"ImageObject\",\"inLanguage\":\"fr-FR\",\"@id\":\"https:\/\/perfectieathome.be\/fr\/trouver-une-aide-menagere\/#primaryimage\",\"url\":\"https:\/\/perfectieathome.be\/app\/uploads\/2024\/07\/Ontwerp-zonder-titel-10.png\",\"contentUrl\":\"https:\/\/perfectieathome.be\/app\/uploads\/2024\/07\/Ontwerp-zonder-titel-10.png\"},{\"@type\":\"BreadcrumbList\",\"@id\":\"https:\/\/perfectieathome.be\/fr\/trouver-une-aide-menagere\/#breadcrumb\",\"itemListElement\":[{\"@type\":\"ListItem\",\"position\":1,\"name\":\"Home\",\"item\":\"https:\/\/perfectieathome.be\/fr\/\"},{\"@type\":\"ListItem\",\"position\":2,\"name\":\"Trouver une aide m\u00e9nag\u00e8re\"}]},{\"@type\":\"WebSite\",\"@id\":\"https:\/\/perfectieathome.be\/fr\/#website\",\"url\":\"https:\/\/perfectieathome.be\/fr\/\",\"name\":\"Perfectie @ home\",\"description\":\"Poetshulp met dienstencheques\",\"potentialAction\":[{\"@type\":\"SearchAction\",\"target\":{\"@type\":\"EntryPoint\",\"urlTemplate\":\"https:\/\/perfectieathome.be\/fr\/?s={search_term_string}\"},\"query-input\":{\"@type\":\"PropertyValueSpecification\",\"valueRequired\":true,\"valueName\":\"search_term_string\"}}],\"inLanguage\":\"fr-FR\"}]}<\/script>\n<!-- \/ Yoast SEO plugin. -->","yoast_head_json":{"title":"Trouver une aide m\u00e9nag\u00e8re - Perfectie @ home","robots":{"index":"index","follow":"follow","max-snippet":"max-snippet:-1","max-image-preview":"max-image-preview:large","max-video-preview":"max-video-preview:-1"},"canonical":"https:\/\/perfectieathome.be\/fr\/trouver-une-aide-menagere\/","og_locale":"fr_FR","og_type":"article","og_title":"Trouver une aide m\u00e9nag\u00e8re - Perfectie @ home","og_description":"Poetshulp met dienstencheques Betrouwbare en vaste poetshulp gezocht Vous \u00eates \u00e0 la recherche d&#8217;une aide-m\u00e9nag\u00e8re fiable et exp\u00e9riment\u00e9e? Chez Perfectie @ Home, vous b\u00e9n\u00e9ficiez d&#8217;un service de haute qualit\u00e9 et d&#8217;une large gamme de prestations, y compris le nettoyage, la cuisine et le repassage. De plus, vous pouvez \u00e9galement utiliser","og_url":"https:\/\/perfectieathome.be\/fr\/trouver-une-aide-menagere\/","og_site_name":"Perfectie @ home","article_modified_time":"2024-09-04T08:51:27+00:00","og_image":[{"url":"https:\/\/perfectieathome.be\/app\/uploads\/2024\/07\/Ontwerp-zonder-titel-10.png","type":"","width":"","height":""}],"twitter_card":"summary_large_image","twitter_misc":{"Est. reading time":"2 minutes"},"schema":{"@context":"https:\/\/schema.org","@graph":[{"@type":"WebPage","@id":"https:\/\/perfectieathome.be\/fr\/trouver-une-aide-menagere\/","url":"https:\/\/perfectieathome.be\/fr\/trouver-une-aide-menagere\/","name":"Trouver une aide m\u00e9nag\u00e8re - Perfectie @ home","isPartOf":{"@id":"https:\/\/perfectieathome.be\/fr\/#website"},"primaryImageOfPage":{"@id":"https:\/\/perfectieathome.be\/fr\/trouver-une-aide-menagere\/#primaryimage"},"image":{"@id":"https:\/\/perfectieathome.be\/fr\/trouver-une-aide-menagere\/#primaryimage"},"thumbnailUrl":"https:\/\/perfectieathome.be\/app\/uploads\/2024\/07\/Ontwerp-zonder-titel-10.png","datePublished":"2024-05-22T19:58:00+00:00","dateModified":"2024-09-04T08:51:27+00:00","breadcrumb":{"@id":"https:\/\/perfectieathome.be\/fr\/trouver-une-aide-menagere\/#breadcrumb"},"inLanguage":"fr-FR","potentialAction":[{"@type":"ReadAction","target":["https:\/\/perfectieathome.be\/fr\/trouver-une-aide-menagere\/"]}]},{"@type":"ImageObject","inLanguage":"fr-FR","@id":"https:\/\/perfectieathome.be\/fr\/trouver-une-aide-menagere\/#primaryimage","url":"https:\/\/perfectieathome.be\/app\/uploads\/2024\/07\/Ontwerp-zonder-titel-10.png","contentUrl":"https:\/\/perfectieathome.be\/app\/uploads\/2024\/07\/Ontwerp-zonder-titel-10.png"},{"@type":"BreadcrumbList","@id":"https:\/\/perfectieathome.be\/fr\/trouver-une-aide-menagere\/#breadcrumb","itemListElement":[{"@type":"ListItem","position":1,"name":"Home","item":"https:\/\/perfectieathome.be\/fr\/"},{"@type":"ListItem","position":2,"name":"Trouver une aide m\u00e9nag\u00e8re"}]},{"@type":"WebSite","@id":"https:\/\/perfectieathome.be\/fr\/#website","url":"https:\/\/perfectieathome.be\/fr\/","name":"Perfectie @ home","description":"Poetshulp met dienstencheques","potentialAction":[{"@type":"SearchAction","target":{"@type":"EntryPoint","urlTemplate":"https:\/\/perfectieathome.be\/fr\/?s={search_term_string}"},"query-input":{"@type":"PropertyValueSpecification","valueRequired":true,"valueName":"search_term_string"}}],"inLanguage":"fr-FR"}]}},"_links":{"self":[{"href":"https:\/\/perfectieathome.be\/fr\/wp-json\/wp\/v2\/pages\/6572","targetHints":{"allow":["GET"]}}],"collection":[{"href":"https:\/\/perfectieathome.be\/fr\/wp-json\/wp\/v2\/pages"}],"about":[{"href":"https:\/\/perfectieathome.be\/fr\/wp-json\/wp\/v2\/types\/page"}],"author":[{"embeddable":true,"href":"https:\/\/perfectieathome.be\/fr\/wp-json\/wp\/v2\/users\/2"}],"replies":[{"embeddable":true,"href":"https:\/\/perfectieathome.be\/fr\/wp-json\/wp\/v2\/comments?post=6572"}],"version-history":[{"count":2,"href":"https:\/\/perfectieathome.be\/fr\/wp-json\/wp\/v2\/pages\/6572\/revisions"}],"predecessor-version":[{"id":7807,"href":"https:\/\/perfectieathome.be\/fr\/wp-json\/wp\/v2\/pages\/6572\/revisions\/7807"}],"wp:attachment":[{"href":"https:\/\/perfectieathome.be\/fr\/wp-json\/wp\/v2\/media?parent=6572"}],"curies":[{"name":"wp","href":"https:\/\/api.w.org\/{rel}","templated":true}]}}