{"id":6553,"date":"2024-06-19T12:47:23","date_gmt":"2024-06-19T12:47:23","guid":{"rendered":"https:\/\/perfectieathome.be\/aide-menagere-recherchee\/"},"modified":"2024-07-12T08:48:01","modified_gmt":"2024-07-12T08:48:01","slug":"aide-menagere-recherchee","status":"publish","type":"page","link":"https:\/\/perfectieathome.be\/fr\/aide-menagere-recherchee\/","title":{"rendered":"Aide-m\u00e9nag\u00e8re recherch\u00e9e"},"content":{"rendered":"\t\t<div data-elementor-type=\"wp-page\" data-elementor-id=\"6553\" class=\"elementor elementor-6553 elementor-5879\" data-elementor-post-type=\"page\">\n\t\t\t\t<div class=\"elementor-element elementor-element-3f4a697 e-flex e-con-boxed e-con e-parent\" data-id=\"3f4a697\" data-element_type=\"container\">\n\t\t\t\t\t<div class=\"e-con-inner\">\n\t\t\t\t<div class=\"elementor-element elementor-element-f022f33 elementor-widget elementor-widget-text-editor\" data-id=\"f022f33\" data-element_type=\"widget\" data-widget_type=\"text-editor.default\">\n\t\t\t\t<div class=\"elementor-widget-container\">\n\t\t\t\t\t\t\t\t\t<p>Vous cherchez une aide m\u00e9nag\u00e8re fiable et exp\u00e9riment\u00e9e? Ne cherchez plus, nous avons exactement ce dont vous avez besoin! Nos services sont id\u00e9aux pour tous ceux qui recherchent une aide m\u00e9nag\u00e8re. Avec une \u00e9quipe de 900 <a href=\"https:\/\/perfectieathome.be\/werken-als-poetshulp\/\">nettoyeurs professionnels<\/a>, nous sommes pr\u00eats \u00e0 nettoyer votre maison en profondeur. Que vous recherchiez une aide m\u00e9nag\u00e8re hebdomadaire, bihebdomadaire ou mensuelle, nous nous adaptons \u00e0 votre emploi du temps. Nos annonces de <em>recherche d&#8217;aide m\u00e9nag\u00e8re<\/em> ont d\u00e9j\u00e0 satisfait de nombreux clients, et nous esp\u00e9rons que vous serez le prochain.<\/p>\n<p>Nos aides-m\u00e9nag\u00e8res sont bien form\u00e9es et utilisent les produits de nettoyage appropri\u00e9s pour s&#8217;assurer que votre maison soit impeccablement propre. Lorsque vous recherchez une aide m\u00e9nag\u00e8re, vous comprenez l&#8217;importance de trouver quelqu&#8217;un de fiable et de minutieux. Nous garantissons que notre aide m\u00e9nag\u00e8re r\u00e9pondra \u00e0 toutes vos attentes. Contactez-nous d\u00e8s aujourd&#8217;hui et d\u00e9couvrez comment notre aide m\u00e9nag\u00e8re peut vous faciliter la vie. Avec notre <em>service de recherche d&#8217;aide m\u00e9nag\u00e8re<\/em>, vous n&#8217;aurez plus jamais \u00e0 vous soucier du nettoyage de votre maison.<\/p>\n\t\t\t\t\t\t\t\t<\/div>\n\t\t\t\t<\/div>\n\t\t\t\t<div class=\"elementor-element elementor-element-23fc49f elementor-widget elementor-widget-text-editor\" data-id=\"23fc49f\" data-element_type=\"widget\" data-widget_type=\"text-editor.default\">\n\t\t\t\t<div class=\"elementor-widget-container\">\n\t\t\t\t\t\t\t\t\t<h4>Aides m\u00e9nag\u00e8res qualifi\u00e9es avec les bonnes qualifications<\/h4>\n<p>Il n&#8217;est pas toujours facile de trouver une bonne aide m\u00e9nag\u00e8re. Beaucoup de nos clients cherchent depuis longtemps une aide m\u00e9nag\u00e8re fiable sans succ\u00e8s. Mais avec notre <em>service de recherche d&#8217;aide m\u00e9nag\u00e8re<\/em>, cela fait partie du pass\u00e9. Nous s\u00e9lectionnons soigneusement tous nos nettoyeurs et nous assurons qu&#8217;ils ont l&#8217;exp\u00e9rience et les qualifications requises. Lorsque vous recherchez une aide m\u00e9nag\u00e8re, vous voulez \u00eatre s\u00fbr de faire entrer chez vous quelqu&#8217;un de confiance et qui fait bien son travail. Toutes nos aides m\u00e9nag\u00e8res ont pass\u00e9 une v\u00e9rification de leurs ant\u00e9c\u00e9dents et ont des ann\u00e9es d&#8217;exp\u00e9rience dans le secteur du nettoyage.<\/p>\n\t\t\t\t\t\t\t\t<\/div>\n\t\t\t\t<\/div>\n\t\t\t\t<div class=\"elementor-element elementor-element-3608cfc elementor-widget elementor-widget-text-editor\" data-id=\"3608cfc\" data-element_type=\"widget\" data-widget_type=\"text-editor.default\">\n\t\t\t\t<div class=\"elementor-widget-container\">\n\t\t\t\t\t\t\t\t\t<h4>Aide m\u00e9nag\u00e8re recherch\u00e9 ? Nous nous adaptons \u00e0 vos besoins sp\u00e9cifiques<\/h4>\n<p>Que vous recherchiez une <a href=\"https:\/\/perfectieathome.be\/fr\/aide-menagere-recherchee\/\">aide m\u00e9nag\u00e8re <\/a> pour une grande maison ou un petit appartement, nous avons la solution adapt\u00e9e pour vous. Nos aides m\u00e9nag\u00e8res sont flexibles et peuvent adapter leurs services \u00e0 vos besoins sp\u00e9cifiques. Du nettoyage des cuisines et salles de bains \u00e0 l&#8217;aspiration des tapis et au lavage des sols, nous faisons tout. Si vous recherchez une aide m\u00e9nag\u00e8re parce que vous avez une vie bien remplie et que vous n&#8217;avez ni le temps ni l&#8217;\u00e9nergie de nettoyer vous-m\u00eame, nous sommes l\u00e0 pour vous aider. Notre <em>service de recherche d&#8217;aide m\u00e9nag\u00e8re<\/em> est con\u00e7u pour vous faciliter la vie et r\u00e9duire votre stress.<\/p>\n<p>De plus, nos tarifs sont tr\u00e8s comp\u00e9titifs. Nous comprenons que lorsque vous recherchez une aide m\u00e9nag\u00e8re, vous faites aussi attention \u00e0 votre budget. C&#8217;est pourquoi nous offrons des services de nettoyage abordables sans compromettre la qualit\u00e9. Vous pouvez choisir parmi diff\u00e9rents forfaits et fr\u00e9quences, afin d&#8217;obtenir exactement ce dont vous avez besoin sans payer trop cher. Nos annonces de recherche d&#8217;aide m\u00e9nag\u00e8re attirent beaucoup d&#8217;attention parce que nous fournissons constamment un service de haute qualit\u00e9.<\/p>\n\t\t\t\t\t\t\t\t<\/div>\n\t\t\t\t<\/div>\n\t\t\t\t<div class=\"elementor-element elementor-element-f50df36 elementor-widget elementor-widget-text-editor\" data-id=\"f50df36\" data-element_type=\"widget\" data-widget_type=\"text-editor.default\">\n\t\t\t\t<div class=\"elementor-widget-container\">\n\t\t\t\t\t\t\t\t\t<h4>Aide m\u00e9nag\u00e8re recherch\u00e9 ? Nous trouvons le bon match<\/h4>\n<p>Donc, si vous recherchez une <a href=\"https:\/\/perfectieathome.be\/fr\/aide-menagere-recherchee\/\">aide m\u00e9nag\u00e8re <\/a> et que vous n&#8217;avez pas encore trouv\u00e9 le bon match, n&#8217;h\u00e9sitez plus. Contactez-nous d\u00e8s aujourd&#8217;hui et laissez-nous vous aider avec nos services de nettoyage professionnels. Avec notre <em>service de recherche d&#8217;aide m\u00e9nag\u00e8re<\/em>, vous \u00eates assur\u00e9 d&#8217;avoir une maison propre et fra\u00eeche, \u00e0 chaque fois. D\u00e9couvrez par vous-m\u00eame pourquoi tant de personnes qui recherchent une aide m\u00e9nag\u00e8re nous ont choisis. Nous sommes pr\u00eats \u00e0 rendre votre maison propre et bien rang\u00e9e, afin que vous puissiez vous concentrer sur ce qui compte vraiment dans la vie.<\/p>\n\t\t\t\t\t\t\t\t<\/div>\n\t\t\t\t<\/div>\n\t\t\t\t\t<\/div>\n\t\t\t\t<\/div>\n\t\t\t\t<section class=\"elementor-section elementor-top-section elementor-element elementor-element-52318f5 elementor-section-stretched elementor-section-boxed elementor-section-height-default elementor-section-height-default\" data-id=\"52318f5\" data-element_type=\"section\" data-settings=\"{&quot;stretch_section&quot;:&quot;section-stretched&quot;}\">\n\t\t\t\t\t\t<div class=\"elementor-container elementor-column-gap-default\">\n\t\t\t\t\t<div class=\"elementor-column elementor-col-50 elementor-top-column elementor-element elementor-element-040a05d\" data-id=\"040a05d\" data-element_type=\"column\">\n\t\t\t<div class=\"elementor-widget-wrap elementor-element-populated\">\n\t\t\t\t\t\t<div class=\"elementor-element elementor-element-d443030 image-width-fit elementor-widget__width-initial elementor-invisible elementor-widget elementor-widget-mae-gallery-stack\" data-id=\"d443030\" data-element_type=\"widget\" data-settings=\"{&quot;_animation&quot;:&quot;fadeInUpSmall&quot;,&quot;_animation_delay&quot;:350}\" data-widget_type=\"mae-gallery-stack.default\">\n\t\t\t\t<div class=\"elementor-widget-container\">\n\t\t\t\t\t\t\t<div class=\"master-gallery-stack\">\n\t\t\t<div class=\"master-fancy-image elementor-repeater-item-facf3a3\" data-top=\"0px\">\n\t\t\t\t\t\t\t\t\t\t<div class=\"image-wrap\"><img fetchpriority=\"high\" decoding=\"async\" width=\"280\" height=\"555\" src=\"https:\/\/perfectieathome.be\/app\/uploads\/2024\/05\/shutterstock_1415309963.jpg\" class=\"attachment-full size-full\" alt=\"\" srcset=\"https:\/\/perfectieathome.be\/app\/uploads\/2024\/05\/shutterstock_1415309963.jpg 280w, https:\/\/perfectieathome.be\/app\/uploads\/2024\/05\/shutterstock_1415309963-151x300.jpg 151w\" sizes=\"(max-width: 280px) 100vw, 280px\" \/><\/div>\n\t\t\t\t\t\t\t\t\t<\/div>\t\t<\/div>\n\t    \t\t\t\t<\/div>\n\t\t\t\t<\/div>\n\t\t\t\t<div class=\"elementor-element elementor-element-8b0a20b image-width-fit elementor-widget__width-initial elementor-invisible elementor-widget elementor-widget-mae-gallery-stack\" data-id=\"8b0a20b\" data-element_type=\"widget\" data-settings=\"{&quot;_animation&quot;:&quot;fadeInUpSmall&quot;,&quot;_animation_delay&quot;:500}\" data-widget_type=\"mae-gallery-stack.default\">\n\t\t\t\t<div class=\"elementor-widget-container\">\n\t\t\t\t\t\t\t<div class=\"master-gallery-stack\">\n\t\t\t<div class=\"master-fancy-image elementor-repeater-item-facf3a3\" data-top=\"0px\">\n\t\t\t\t\t\t\t\t\t\t<div class=\"image-wrap\"><img decoding=\"async\" width=\"280\" height=\"415\" data-src=\"https:\/\/perfectieathome.be\/app\/uploads\/2024\/05\/shutterstock_1840472863.jpg\" class=\"attachment-full size-full lazyload\" alt=\"\" data-srcset=\"https:\/\/perfectieathome.be\/app\/uploads\/2024\/05\/shutterstock_1840472863.jpg 280w, https:\/\/perfectieathome.be\/app\/uploads\/2024\/05\/shutterstock_1840472863-202x300.jpg 202w\" data-sizes=\"(max-width: 280px) 100vw, 280px\" src=\"data:image\/svg+xml;base64,PHN2ZyB3aWR0aD0iMSIgaGVpZ2h0PSIxIiB4bWxucz0iaHR0cDovL3d3dy53My5vcmcvMjAwMC9zdmciPjwvc3ZnPg==\" style=\"--smush-placeholder-width: 280px; --smush-placeholder-aspect-ratio: 280\/415;\" \/><\/div>\n\t\t\t\t\t\t\t\t\t<\/div><div class=\"master-shape elementor-repeater-item-93d564e\"><\/div>\t\t<\/div>\n\t    \t\t\t\t<\/div>\n\t\t\t\t<\/div>\n\t\t\t\t\t<\/div>\n\t\t<\/div>\n\t\t\t\t<div class=\"elementor-column elementor-col-50 elementor-top-column elementor-element elementor-element-bc91a9c\" data-id=\"bc91a9c\" data-element_type=\"column\">\n\t\t\t<div class=\"elementor-widget-wrap elementor-element-populated\">\n\t\t\t\t\t\t<div class=\"elementor-element elementor-element-5fa968d elementor-view-default elementor-widget elementor-widget-icon\" data-id=\"5fa968d\" data-element_type=\"widget\" data-widget_type=\"icon.default\">\n\t\t\t\t<div class=\"elementor-widget-container\">\n\t\t\t\t\t\t\t<div class=\"elementor-icon-wrapper\">\n\t\t\t<div class=\"elementor-icon\">\n\t\t\t<svg xmlns=\"http:\/\/www.w3.org\/2000\/svg\" xmlns:xlink=\"http:\/\/www.w3.org\/1999\/xlink\" x=\"0px\" y=\"0px\" viewBox=\"0 0 285 285\" style=\"enable-background:new 0 0 285 285;\" xml:space=\"preserve\"><path d=\"M189.8,171.6c0,4.1-3.4,7.5-7.5,7.5c-4.1,0-7.5-3.4-7.5-7.5c0-4.1,3.4-7.5,7.5-7.5C186.4,164.1,189.8,167.4,189.8,171.6 L189.8,171.6z M189.8,171.6\"><\/path><path d=\"M202.3,165.1c2.1,3.6,6.7,4.7,10.3,2.6c19.6-11.6,42.1-17.8,65-17.8c4.1,0,7.5-3.4,7.5-7.5s-3.4-7.5-7.5-7.5 C207.2,135,150,77.8,150,7.5c0-4.1-3.4-7.5-7.5-7.5c-4.1,0-7.5,3.4-7.5,7.5C135,77.8,77.8,135,7.5,135c-4.1,0-7.5,3.4-7.5,7.5 s3.4,7.5,7.5,7.5C77.8,150,135,207.2,135,277.5c0,4.1,3.4,7.5,7.5,7.5c4.1,0,7.5-3.4,7.5-7.5c0-22.9,6.1-45.4,17.8-65 c2.1-3.6,0.9-8.2-2.6-10.3c-3.6-2.1-8.2-0.9-10.3,2.6c-5.1,8.6-9.2,17.6-12.4,26.9c-14.2-41.9-47.4-75.1-89.3-89.3 c41.9-14.2,75.1-47.4,89.3-89.3c14.2,41.9,47.4,75.1,89.3,89.3c-9.4,3.2-18.4,7.3-26.9,12.4C201.3,157,200.1,161.6,202.3,165.1 L202.3,165.1z M202.3,165.1\"><\/path><\/svg>\t\t\t<\/div>\n\t\t<\/div>\n\t\t\t\t\t\t<\/div>\n\t\t\t\t<\/div>\n\t\t\t\t<div class=\"elementor-element elementor-element-74c6652 heading-default elementor-widget elementor-widget-mae-headings\" data-id=\"74c6652\" data-element_type=\"widget\" data-widget_type=\"mae-headings.default\">\n\t\t\t\t<div class=\"elementor-widget-container\">\n\t\t\t\t\t\t\t<div class=\"master-heading sep-none\">\n\t\t\t\t        \t        \t<div class=\"pre-heading\"><span class=\"line\"><span class=\"inner\"><\/span><\/span>Poetshulp met dienstencheques<\/div>\n\t        \n\t        \n\t        \t        <h2 class=\"main-heading\">Betrouwbare en vaste poetshulp gezocht<\/h2>\n\t        \n\t        \n\t        \t    <\/div>\n\t    \t\t\t\t<\/div>\n\t\t\t\t<\/div>\n\t\t\t\t<div class=\"elementor-element elementor-element-0fadae4 elementor-widget elementor-widget-text-editor\" data-id=\"0fadae4\" data-element_type=\"widget\" data-widget_type=\"text-editor.default\">\n\t\t\t\t<div class=\"elementor-widget-container\">\n\t\t\t\t\t\t\t\t\t<p>Vous cherchez une aide m\u00e9nag\u00e8re professionnelle, fiable et exp\u00e9riment\u00e9e ? Votre recherche s&#8217;arr\u00eate ici. Nous offrons une qualit\u00e9 sup\u00e9rieure et la perfection! Nos aides m\u00e9nag\u00e8res subissent une s\u00e9lection rigoureuse et une formation approfondie, et leur travail est continuellement contr\u00f4l\u00e9. Ainsi, nous garantissons que votre maison soit toujours impeccable, exactement comme vous le souhaitez.<\/p>\n\t\t\t\t\t\t\t\t<\/div>\n\t\t\t\t<\/div>\n\t\t\t\t<div class=\"elementor-element elementor-element-2d4294a elementor-widget__width-auto elementor-widget elementor-widget-mae-button\" data-id=\"2d4294a\" data-element_type=\"widget\" data-widget_type=\"mae-button.default\">\n\t\t\t\t<div class=\"elementor-widget-container\">\n\t\t\t\t\t\n        <a class=\"master-button btn-accent icon-right medium\" href=\"https:\/\/perfectieathome.be\/gratis-aanvraag\/\" \n            >\n\n            <span class=\"inner\">\n                <span class=\"content-base\">\n                                        <span class=\"text\">Vraag poetshulp aan<\/span>\n                    <span class=\"icon ci ci-right-arrow\"><\/span>                <\/span>\n            <\/span>\n\n            <span class=\"bg-hover\"><\/span>        <\/a>\n\n        \t\t\t\t<\/div>\n\t\t\t\t<\/div>\n\t\t\t\t<div class=\"elementor-element elementor-element-b6b60b2 shaking elementor-widget__width-auto elementor-absolute elementor-widget elementor-widget-image\" data-id=\"b6b60b2\" data-element_type=\"widget\" data-settings=\"{&quot;_position&quot;:&quot;absolute&quot;}\" data-widget_type=\"image.default\">\n\t\t\t\t<div class=\"elementor-widget-container\">\n\t\t\t\t\t\t\t\t\t\t\t\t\t\t\t<img decoding=\"async\" width=\"543\" height=\"612\" data-src=\"https:\/\/perfectieathome.be\/app\/uploads\/2022\/02\/about-shape.png\" class=\"attachment-large size-large wp-image-6127 lazyload\" alt=\"\" data-srcset=\"https:\/\/perfectieathome.be\/app\/uploads\/2022\/02\/about-shape.png 543w, https:\/\/perfectieathome.be\/app\/uploads\/2022\/02\/about-shape-266x300.png 266w\" data-sizes=\"(max-width: 543px) 100vw, 543px\" src=\"data:image\/svg+xml;base64,PHN2ZyB3aWR0aD0iMSIgaGVpZ2h0PSIxIiB4bWxucz0iaHR0cDovL3d3dy53My5vcmcvMjAwMC9zdmciPjwvc3ZnPg==\" style=\"--smush-placeholder-width: 543px; --smush-placeholder-aspect-ratio: 543\/612;\" \/>\t\t\t\t\t\t\t\t\t\t\t\t\t\t\t<\/div>\n\t\t\t\t<\/div>\n\t\t\t\t\t<\/div>\n\t\t<\/div>\n\t\t\t\t\t<\/div>\n\t\t<\/section>\n\t\t\t\t<\/div>\n\t\t","protected":false},"excerpt":{"rendered":"<p>Vous cherchez une aide m\u00e9nag\u00e8re fiable et exp\u00e9riment\u00e9e? Ne cherchez plus, nous avons exactement ce dont vous avez besoin! Nos services sont id\u00e9aux pour tous ceux qui recherchent une aide m\u00e9nag\u00e8re. Avec une \u00e9quipe de 900 nettoyeurs professionnels, nous sommes pr\u00eats \u00e0 nettoyer votre maison en profondeur. Que vous recherchiez<\/p>\n","protected":false},"author":2,"featured_media":0,"parent":0,"menu_order":0,"comment_status":"closed","ping_status":"closed","template":"","meta":{"_acf_changed":false,"inline_featured_image":false,"footnotes":""},"class_list":["post-6553","page","type-page","status-publish","hentry"],"acf":[],"yoast_head":"<!-- This site is optimized with the Yoast SEO plugin v26.5 - https:\/\/yoast.com\/wordpress\/plugins\/seo\/ -->\n<title>Aide m\u00e9nag\u00e8re recherch\u00e9e. Vous cherchez une aide m\u00e9nag\u00e8re pr\u00e8s de chez vous.<\/title>\n<meta name=\"description\" content=\"Aide m\u00e9nag\u00e8re recherch\u00e9e. Trouvez votre aide m\u00e9nag\u00e8re fiable et r\u00e9guli\u00e8re. Aide m\u00e9nag\u00e8re recherch\u00e9e. Nos aides m\u00e9nag\u00e8res exp\u00e9riment\u00e9es et flexibles sont pr\u00eates \u00e0 vous aider.\" \/>\n<meta name=\"robots\" content=\"index, follow, max-snippet:-1, max-image-preview:large, max-video-preview:-1\" \/>\n<link rel=\"canonical\" href=\"https:\/\/perfectieathome.be\/fr\/aide-menagere-recherchee\/\" \/>\n<meta property=\"og:locale\" content=\"fr_FR\" \/>\n<meta property=\"og:type\" content=\"article\" \/>\n<meta property=\"og:title\" content=\"Aide m\u00e9nag\u00e8re recherch\u00e9e. Vous cherchez une aide m\u00e9nag\u00e8re pr\u00e8s de chez vous.\" \/>\n<meta property=\"og:description\" content=\"Aide m\u00e9nag\u00e8re recherch\u00e9e. Trouvez votre aide m\u00e9nag\u00e8re fiable et r\u00e9guli\u00e8re. Aide m\u00e9nag\u00e8re recherch\u00e9e. Nos aides m\u00e9nag\u00e8res exp\u00e9riment\u00e9es et flexibles sont pr\u00eates \u00e0 vous aider.\" \/>\n<meta property=\"og:url\" content=\"https:\/\/perfectieathome.be\/fr\/aide-menagere-recherchee\/\" \/>\n<meta property=\"og:site_name\" content=\"Perfectie @ home\" \/>\n<meta property=\"article:modified_time\" content=\"2024-07-12T08:48:01+00:00\" \/>\n<meta property=\"og:image\" content=\"https:\/\/perfectieathome.be\/app\/uploads\/2024\/05\/shutterstock_1415309963.jpg\" \/>\n<meta name=\"twitter:card\" content=\"summary_large_image\" \/>\n<meta name=\"twitter:label1\" content=\"Est. reading time\" \/>\n\t<meta name=\"twitter:data1\" content=\"4 minutes\" \/>\n<script type=\"application\/ld+json\" class=\"yoast-schema-graph\">{\"@context\":\"https:\/\/schema.org\",\"@graph\":[{\"@type\":\"WebPage\",\"@id\":\"https:\/\/perfectieathome.be\/fr\/aide-menagere-recherchee\/\",\"url\":\"https:\/\/perfectieathome.be\/fr\/aide-menagere-recherchee\/\",\"name\":\"Aide m\u00e9nag\u00e8re recherch\u00e9e. Vous cherchez une aide m\u00e9nag\u00e8re pr\u00e8s de chez vous.\",\"isPartOf\":{\"@id\":\"https:\/\/perfectieathome.be\/fr\/#website\"},\"primaryImageOfPage\":{\"@id\":\"https:\/\/perfectieathome.be\/fr\/aide-menagere-recherchee\/#primaryimage\"},\"image\":{\"@id\":\"https:\/\/perfectieathome.be\/fr\/aide-menagere-recherchee\/#primaryimage\"},\"thumbnailUrl\":\"https:\/\/perfectieathome.be\/app\/uploads\/2024\/05\/shutterstock_1415309963.jpg\",\"datePublished\":\"2024-06-19T12:47:23+00:00\",\"dateModified\":\"2024-07-12T08:48:01+00:00\",\"description\":\"Aide m\u00e9nag\u00e8re recherch\u00e9e. Trouvez votre aide m\u00e9nag\u00e8re fiable et r\u00e9guli\u00e8re. Aide m\u00e9nag\u00e8re recherch\u00e9e. Nos aides m\u00e9nag\u00e8res exp\u00e9riment\u00e9es et flexibles sont pr\u00eates \u00e0 vous aider.\",\"breadcrumb\":{\"@id\":\"https:\/\/perfectieathome.be\/fr\/aide-menagere-recherchee\/#breadcrumb\"},\"inLanguage\":\"fr-FR\",\"potentialAction\":[{\"@type\":\"ReadAction\",\"target\":[\"https:\/\/perfectieathome.be\/fr\/aide-menagere-recherchee\/\"]}]},{\"@type\":\"ImageObject\",\"inLanguage\":\"fr-FR\",\"@id\":\"https:\/\/perfectieathome.be\/fr\/aide-menagere-recherchee\/#primaryimage\",\"url\":\"https:\/\/perfectieathome.be\/app\/uploads\/2024\/05\/shutterstock_1415309963.jpg\",\"contentUrl\":\"https:\/\/perfectieathome.be\/app\/uploads\/2024\/05\/shutterstock_1415309963.jpg\"},{\"@type\":\"BreadcrumbList\",\"@id\":\"https:\/\/perfectieathome.be\/fr\/aide-menagere-recherchee\/#breadcrumb\",\"itemListElement\":[{\"@type\":\"ListItem\",\"position\":1,\"name\":\"Home\",\"item\":\"https:\/\/perfectieathome.be\/fr\/\"},{\"@type\":\"ListItem\",\"position\":2,\"name\":\"Aide-m\u00e9nag\u00e8re recherch\u00e9e\"}]},{\"@type\":\"WebSite\",\"@id\":\"https:\/\/perfectieathome.be\/fr\/#website\",\"url\":\"https:\/\/perfectieathome.be\/fr\/\",\"name\":\"Perfectie @ home\",\"description\":\"Poetshulp met dienstencheques\",\"potentialAction\":[{\"@type\":\"SearchAction\",\"target\":{\"@type\":\"EntryPoint\",\"urlTemplate\":\"https:\/\/perfectieathome.be\/fr\/?s={search_term_string}\"},\"query-input\":{\"@type\":\"PropertyValueSpecification\",\"valueRequired\":true,\"valueName\":\"search_term_string\"}}],\"inLanguage\":\"fr-FR\"}]}<\/script>\n<!-- \/ Yoast SEO plugin. -->","yoast_head_json":{"title":"Aide m\u00e9nag\u00e8re recherch\u00e9e. Vous cherchez une aide m\u00e9nag\u00e8re pr\u00e8s de chez vous.","description":"Aide m\u00e9nag\u00e8re recherch\u00e9e. Trouvez votre aide m\u00e9nag\u00e8re fiable et r\u00e9guli\u00e8re. Aide m\u00e9nag\u00e8re recherch\u00e9e. Nos aides m\u00e9nag\u00e8res exp\u00e9riment\u00e9es et flexibles sont pr\u00eates \u00e0 vous aider.","robots":{"index":"index","follow":"follow","max-snippet":"max-snippet:-1","max-image-preview":"max-image-preview:large","max-video-preview":"max-video-preview:-1"},"canonical":"https:\/\/perfectieathome.be\/fr\/aide-menagere-recherchee\/","og_locale":"fr_FR","og_type":"article","og_title":"Aide m\u00e9nag\u00e8re recherch\u00e9e. Vous cherchez une aide m\u00e9nag\u00e8re pr\u00e8s de chez vous.","og_description":"Aide m\u00e9nag\u00e8re recherch\u00e9e. Trouvez votre aide m\u00e9nag\u00e8re fiable et r\u00e9guli\u00e8re. Aide m\u00e9nag\u00e8re recherch\u00e9e. Nos aides m\u00e9nag\u00e8res exp\u00e9riment\u00e9es et flexibles sont pr\u00eates \u00e0 vous aider.","og_url":"https:\/\/perfectieathome.be\/fr\/aide-menagere-recherchee\/","og_site_name":"Perfectie @ home","article_modified_time":"2024-07-12T08:48:01+00:00","og_image":[{"url":"https:\/\/perfectieathome.be\/app\/uploads\/2024\/05\/shutterstock_1415309963.jpg","type":"","width":"","height":""}],"twitter_card":"summary_large_image","twitter_misc":{"Est. reading time":"4 minutes"},"schema":{"@context":"https:\/\/schema.org","@graph":[{"@type":"WebPage","@id":"https:\/\/perfectieathome.be\/fr\/aide-menagere-recherchee\/","url":"https:\/\/perfectieathome.be\/fr\/aide-menagere-recherchee\/","name":"Aide m\u00e9nag\u00e8re recherch\u00e9e. Vous cherchez une aide m\u00e9nag\u00e8re pr\u00e8s de chez vous.","isPartOf":{"@id":"https:\/\/perfectieathome.be\/fr\/#website"},"primaryImageOfPage":{"@id":"https:\/\/perfectieathome.be\/fr\/aide-menagere-recherchee\/#primaryimage"},"image":{"@id":"https:\/\/perfectieathome.be\/fr\/aide-menagere-recherchee\/#primaryimage"},"thumbnailUrl":"https:\/\/perfectieathome.be\/app\/uploads\/2024\/05\/shutterstock_1415309963.jpg","datePublished":"2024-06-19T12:47:23+00:00","dateModified":"2024-07-12T08:48:01+00:00","description":"Aide m\u00e9nag\u00e8re recherch\u00e9e. Trouvez votre aide m\u00e9nag\u00e8re fiable et r\u00e9guli\u00e8re. Aide m\u00e9nag\u00e8re recherch\u00e9e. Nos aides m\u00e9nag\u00e8res exp\u00e9riment\u00e9es et flexibles sont pr\u00eates \u00e0 vous aider.","breadcrumb":{"@id":"https:\/\/perfectieathome.be\/fr\/aide-menagere-recherchee\/#breadcrumb"},"inLanguage":"fr-FR","potentialAction":[{"@type":"ReadAction","target":["https:\/\/perfectieathome.be\/fr\/aide-menagere-recherchee\/"]}]},{"@type":"ImageObject","inLanguage":"fr-FR","@id":"https:\/\/perfectieathome.be\/fr\/aide-menagere-recherchee\/#primaryimage","url":"https:\/\/perfectieathome.be\/app\/uploads\/2024\/05\/shutterstock_1415309963.jpg","contentUrl":"https:\/\/perfectieathome.be\/app\/uploads\/2024\/05\/shutterstock_1415309963.jpg"},{"@type":"BreadcrumbList","@id":"https:\/\/perfectieathome.be\/fr\/aide-menagere-recherchee\/#breadcrumb","itemListElement":[{"@type":"ListItem","position":1,"name":"Home","item":"https:\/\/perfectieathome.be\/fr\/"},{"@type":"ListItem","position":2,"name":"Aide-m\u00e9nag\u00e8re recherch\u00e9e"}]},{"@type":"WebSite","@id":"https:\/\/perfectieathome.be\/fr\/#website","url":"https:\/\/perfectieathome.be\/fr\/","name":"Perfectie @ home","description":"Poetshulp met dienstencheques","potentialAction":[{"@type":"SearchAction","target":{"@type":"EntryPoint","urlTemplate":"https:\/\/perfectieathome.be\/fr\/?s={search_term_string}"},"query-input":{"@type":"PropertyValueSpecification","valueRequired":true,"valueName":"search_term_string"}}],"inLanguage":"fr-FR"}]}},"_links":{"self":[{"href":"https:\/\/perfectieathome.be\/fr\/wp-json\/wp\/v2\/pages\/6553","targetHints":{"allow":["GET"]}}],"collection":[{"href":"https:\/\/perfectieathome.be\/fr\/wp-json\/wp\/v2\/pages"}],"about":[{"href":"https:\/\/perfectieathome.be\/fr\/wp-json\/wp\/v2\/types\/page"}],"author":[{"embeddable":true,"href":"https:\/\/perfectieathome.be\/fr\/wp-json\/wp\/v2\/users\/2"}],"replies":[{"embeddable":true,"href":"https:\/\/perfectieathome.be\/fr\/wp-json\/wp\/v2\/comments?post=6553"}],"version-history":[{"count":0,"href":"https:\/\/perfectieathome.be\/fr\/wp-json\/wp\/v2\/pages\/6553\/revisions"}],"wp:attachment":[{"href":"https:\/\/perfectieathome.be\/fr\/wp-json\/wp\/v2\/media?parent=6553"}],"curies":[{"name":"wp","href":"https:\/\/api.w.org\/{rel}","templated":true}]}}