{"id":6545,"date":"2024-05-22T19:52:28","date_gmt":"2024-05-22T19:52:28","guid":{"rendered":"https:\/\/perfectieathome.be\/emplois\/"},"modified":"2024-07-12T08:28:43","modified_gmt":"2024-07-12T08:28:43","slug":"emplois","status":"publish","type":"page","link":"https:\/\/perfectieathome.be\/fr\/emplois\/","title":{"rendered":"Emplois"},"content":{"rendered":"\t\t<div data-elementor-type=\"wp-page\" data-elementor-id=\"6545\" class=\"elementor elementor-6545 elementor-4188\" data-elementor-post-type=\"page\">\n\t\t\t\t\t\t<section class=\"elementor-section elementor-top-section elementor-element elementor-element-0420915 elementor-section-boxed elementor-section-height-default elementor-section-height-default\" data-id=\"0420915\" data-element_type=\"section\">\n\t\t\t\t\t\t<div class=\"elementor-container elementor-column-gap-default\">\n\t\t\t\t\t<div class=\"elementor-column elementor-col-100 elementor-top-column elementor-element elementor-element-9b41e85\" data-id=\"9b41e85\" data-element_type=\"column\">\n\t\t\t<div class=\"elementor-widget-wrap elementor-element-populated\">\n\t\t\t\t\t\t<div class=\"elementor-element elementor-element-6c4c668 elementor-grid-3 elementor-grid-tablet-2 elementor-grid-mobile-1 elementor-widget elementor-widget-loop-grid\" data-id=\"6c4c668\" data-element_type=\"widget\" data-settings=\"{&quot;template_id&quot;:4414,&quot;pagination_type&quot;:&quot;prev_next&quot;,&quot;_skin&quot;:&quot;post&quot;,&quot;columns&quot;:&quot;3&quot;,&quot;columns_tablet&quot;:&quot;2&quot;,&quot;columns_mobile&quot;:&quot;1&quot;,&quot;edit_handle_selector&quot;:&quot;[data-elementor-type=\\&quot;loop-item\\&quot;]&quot;,&quot;pagination_load_type&quot;:&quot;page_reload&quot;,&quot;row_gap&quot;:{&quot;unit&quot;:&quot;px&quot;,&quot;size&quot;:&quot;&quot;,&quot;sizes&quot;:[]},&quot;row_gap_tablet&quot;:{&quot;unit&quot;:&quot;px&quot;,&quot;size&quot;:&quot;&quot;,&quot;sizes&quot;:[]},&quot;row_gap_mobile&quot;:{&quot;unit&quot;:&quot;px&quot;,&quot;size&quot;:&quot;&quot;,&quot;sizes&quot;:[]}}\" data-widget_type=\"loop-grid.post\">\n\t\t\t\t<div class=\"elementor-widget-container\">\n\t\t\t\t\t\t\t<div class=\"e-loop-nothing-found-message\">\n\t\t<\/div>\n\t\t\t\t\t\t<\/div>\n\t\t\t\t<\/div>\n\t\t\t\t\t<\/div>\n\t\t<\/div>\n\t\t\t\t\t<\/div>\n\t\t<\/section>\n\t\t\t\t<section class=\"elementor-section elementor-top-section elementor-element elementor-element-6a7d883 elementor-section-content-middle elementor-section-full_width elementor-section-stretched elementor-section-height-default elementor-section-height-default\" data-id=\"6a7d883\" data-element_type=\"section\" data-settings=\"{&quot;stretch_section&quot;:&quot;section-stretched&quot;,&quot;background_background&quot;:&quot;classic&quot;}\">\n\t\t\t\t\t\t<div class=\"elementor-container elementor-column-gap-no\">\n\t\t\t\t\t<div class=\"elementor-column elementor-col-33 elementor-top-column elementor-element elementor-element-7ccc409 animated-slow elementor-invisible\" data-id=\"7ccc409\" data-element_type=\"column\" data-settings=\"{&quot;background_background&quot;:&quot;classic&quot;,&quot;animation&quot;:&quot;fadeIn&quot;,&quot;animation_delay&quot;:350}\">\n\t\t\t<div class=\"elementor-widget-wrap elementor-element-populated\">\n\t\t\t\t\t\t<div class=\"elementor-element elementor-element-8029b92 icon-position-top hover-effect-none elementor-widget elementor-widget-mae-icon-box\" data-id=\"8029b92\" data-element_type=\"widget\" data-widget_type=\"mae-icon-box.default\">\n\t\t\t\t<div class=\"elementor-widget-container\">\n\t\t\t\t\t\n        <div class=\"master-icon-box \" >\n                        \n            <div class=\"inner\">\n                <div class=\"icon-wrap\"><div class=\"master-icon\"><\/div><\/div>\n                <div class=\"text-wrap\">\n                    <h2 class=\"headline-2\">Word jij onze nieuwe collega?<\/h2><div class=\"desc\">Zijn stofzuigers je partners in crime, een dweil en zeemvel je beste vrienden en krijg je spontaan jeuk bij het zien van een stapel gekreukte hemden? Ben je daarbovenop ook nog eens correct, eerlijk, zelfstandig en flexibel? Dan ben jij de persoon die wij zoeken!\n\n<\/div>                <\/div>\n            <\/div>\n\n            <div class=\"bg-static\"><\/div>\n                    <\/div>\n\n        \t\t\t\t<\/div>\n\t\t\t\t<\/div>\n\t\t\t\t\t<\/div>\n\t\t<\/div>\n\t\t\t\t<div class=\"elementor-column elementor-col-33 elementor-top-column elementor-element elementor-element-f8e9760 animated-slow elementor-invisible\" data-id=\"f8e9760\" data-element_type=\"column\" data-settings=\"{&quot;background_background&quot;:&quot;classic&quot;,&quot;animation&quot;:&quot;fadeIn&quot;,&quot;animation_delay&quot;:500}\">\n\t\t\t<div class=\"elementor-widget-wrap elementor-element-populated\">\n\t\t\t\t\t\t<div class=\"elementor-element elementor-element-5fa5484 align-center heading-style-1 elementor-widget elementor-widget-mae-headings\" data-id=\"5fa5484\" data-element_type=\"widget\" data-widget_type=\"mae-headings.default\">\n\t\t\t\t<div class=\"elementor-widget-container\">\n\t\t\t\t\t\t\t<div class=\"master-heading sep-none\">\n\t\t\t\t        \n\t        \n\t        \t        <h2 class=\"main-heading\">+ 32 (0)3 336 73 23<\/h2>\n\t        \n\t        \n\t        \t            <div class=\"sub-heading\">Kom eens praten met ons!<\/div>\n\t        \t    <\/div>\n\t    \t\t\t\t<\/div>\n\t\t\t\t<\/div>\n\t\t\t\t<div class=\"elementor-element elementor-element-501bf3e align-center elementor-widget elementor-widget-mae-button\" data-id=\"501bf3e\" data-element_type=\"widget\" data-widget_type=\"mae-button.default\">\n\t\t\t\t<div class=\"elementor-widget-container\">\n\t\t\t\t\t\n        <a class=\"master-button btn-accent icon-right medium\" href=\"https:\/\/perfectieathome.be\/contact\/\" \n            >\n\n            <span class=\"inner\">\n                <span class=\"content-base\">\n                                        <span class=\"text\">Solliciteren<\/span>\n                    <span class=\"icon ci ci-right-arrow\"><\/span>                <\/span>\n            <\/span>\n\n            <span class=\"bg-hover\"><\/span>        <\/a>\n\n        \t\t\t\t<\/div>\n\t\t\t\t<\/div>\n\t\t\t\t\t<\/div>\n\t\t<\/div>\n\t\t\t\t<div class=\"elementor-column elementor-col-33 elementor-top-column elementor-element elementor-element-f55bbdf animated-slow elementor-invisible\" data-id=\"f55bbdf\" data-element_type=\"column\" data-settings=\"{&quot;background_background&quot;:&quot;classic&quot;,&quot;animation&quot;:&quot;fadeIn&quot;,&quot;animation_delay&quot;:650}\">\n\t\t\t<div class=\"elementor-widget-wrap elementor-element-populated\">\n\t\t\t\t\t\t<section class=\"elementor-section elementor-inner-section elementor-element elementor-element-3d1a553 elementor-section-boxed elementor-section-height-default elementor-section-height-default\" data-id=\"3d1a553\" data-element_type=\"section\">\n\t\t\t\t\t\t<div class=\"elementor-container elementor-column-gap-no\">\n\t\t\t\t\t<div class=\"elementor-column elementor-col-50 elementor-inner-column elementor-element elementor-element-a5c434d\" data-id=\"a5c434d\" data-element_type=\"column\">\n\t\t\t<div class=\"elementor-widget-wrap\">\n\t\t\t\t\t\t\t<\/div>\n\t\t<\/div>\n\t\t\t\t<div class=\"elementor-column elementor-col-50 elementor-inner-column elementor-element elementor-element-7b3bb1c\" data-id=\"7b3bb1c\" data-element_type=\"column\">\n\t\t\t<div class=\"elementor-widget-wrap\">\n\t\t\t\t\t\t\t<\/div>\n\t\t<\/div>\n\t\t\t\t\t<\/div>\n\t\t<\/section>\n\t\t\t\t\t<\/div>\n\t\t<\/div>\n\t\t\t\t\t<\/div>\n\t\t<\/section>\n\t\t\t\t<\/div>\n\t\t","protected":false},"excerpt":{"rendered":"<p>Word jij onze nieuwe collega? Zijn stofzuigers je partners in crime, een dweil en zeemvel je beste vrienden en krijg je spontaan jeuk bij het zien van een stapel gekreukte hemden? Ben je daarbovenop ook nog eens correct, eerlijk, zelfstandig en flexibel? Dan ben jij de persoon die wij zoeken!<\/p>\n","protected":false},"author":2,"featured_media":0,"parent":0,"menu_order":0,"comment_status":"closed","ping_status":"closed","template":"","meta":{"_acf_changed":false,"inline_featured_image":false,"footnotes":""},"class_list":["post-6545","page","type-page","status-publish","hentry"],"acf":[],"yoast_head":"<!-- This site is optimized with the Yoast SEO plugin v26.5 - https:\/\/yoast.com\/wordpress\/plugins\/seo\/ -->\n<title>Travailler comme aide-m\u00e9nag\u00e8re. Un emploi comme aide-m\u00e9nag\u00e8re chez Perfectie @ Home.<\/title>\n<meta name=\"description\" content=\"Vous cherchez un emploi comme aide-m\u00e9nag\u00e8re. Voulez-vous travailler comme aide-m\u00e9nag\u00e8re. Postulez pour un emploi passionnant et stable comme aide-m\u00e9nag\u00e8re chez Perfectie @ Home.\" \/>\n<meta name=\"robots\" content=\"index, follow, max-snippet:-1, max-image-preview:large, max-video-preview:-1\" \/>\n<link rel=\"canonical\" href=\"https:\/\/perfectieathome.be\/fr\/emplois\/\" \/>\n<meta property=\"og:locale\" content=\"fr_FR\" \/>\n<meta property=\"og:type\" content=\"article\" \/>\n<meta property=\"og:title\" content=\"Travailler comme aide-m\u00e9nag\u00e8re. Un emploi comme aide-m\u00e9nag\u00e8re chez Perfectie @ Home.\" \/>\n<meta property=\"og:description\" content=\"Vous cherchez un emploi comme aide-m\u00e9nag\u00e8re. Voulez-vous travailler comme aide-m\u00e9nag\u00e8re. Postulez pour un emploi passionnant et stable comme aide-m\u00e9nag\u00e8re chez Perfectie @ Home.\" \/>\n<meta property=\"og:url\" content=\"https:\/\/perfectieathome.be\/fr\/emplois\/\" \/>\n<meta property=\"og:site_name\" content=\"Perfectie @ home\" \/>\n<meta property=\"article:modified_time\" content=\"2024-07-12T08:28:43+00:00\" \/>\n<meta name=\"twitter:card\" content=\"summary_large_image\" \/>\n<script type=\"application\/ld+json\" class=\"yoast-schema-graph\">{\"@context\":\"https:\/\/schema.org\",\"@graph\":[{\"@type\":\"WebPage\",\"@id\":\"https:\/\/perfectieathome.be\/fr\/emplois\/\",\"url\":\"https:\/\/perfectieathome.be\/fr\/emplois\/\",\"name\":\"Travailler comme aide-m\u00e9nag\u00e8re. Un emploi comme aide-m\u00e9nag\u00e8re chez Perfectie @ Home.\",\"isPartOf\":{\"@id\":\"https:\/\/perfectieathome.be\/fr\/#website\"},\"datePublished\":\"2024-05-22T19:52:28+00:00\",\"dateModified\":\"2024-07-12T08:28:43+00:00\",\"description\":\"Vous cherchez un emploi comme aide-m\u00e9nag\u00e8re. Voulez-vous travailler comme aide-m\u00e9nag\u00e8re. Postulez pour un emploi passionnant et stable comme aide-m\u00e9nag\u00e8re chez Perfectie @ Home.\",\"breadcrumb\":{\"@id\":\"https:\/\/perfectieathome.be\/fr\/emplois\/#breadcrumb\"},\"inLanguage\":\"fr-FR\",\"potentialAction\":[{\"@type\":\"ReadAction\",\"target\":[\"https:\/\/perfectieathome.be\/fr\/emplois\/\"]}]},{\"@type\":\"BreadcrumbList\",\"@id\":\"https:\/\/perfectieathome.be\/fr\/emplois\/#breadcrumb\",\"itemListElement\":[{\"@type\":\"ListItem\",\"position\":1,\"name\":\"Home\",\"item\":\"https:\/\/perfectieathome.be\/fr\/\"},{\"@type\":\"ListItem\",\"position\":2,\"name\":\"Emplois\"}]},{\"@type\":\"WebSite\",\"@id\":\"https:\/\/perfectieathome.be\/fr\/#website\",\"url\":\"https:\/\/perfectieathome.be\/fr\/\",\"name\":\"Perfectie @ home\",\"description\":\"Poetshulp met dienstencheques\",\"potentialAction\":[{\"@type\":\"SearchAction\",\"target\":{\"@type\":\"EntryPoint\",\"urlTemplate\":\"https:\/\/perfectieathome.be\/fr\/?s={search_term_string}\"},\"query-input\":{\"@type\":\"PropertyValueSpecification\",\"valueRequired\":true,\"valueName\":\"search_term_string\"}}],\"inLanguage\":\"fr-FR\"}]}<\/script>\n<!-- \/ Yoast SEO plugin. -->","yoast_head_json":{"title":"Travailler comme aide-m\u00e9nag\u00e8re. Un emploi comme aide-m\u00e9nag\u00e8re chez Perfectie @ Home.","description":"Vous cherchez un emploi comme aide-m\u00e9nag\u00e8re. Voulez-vous travailler comme aide-m\u00e9nag\u00e8re. Postulez pour un emploi passionnant et stable comme aide-m\u00e9nag\u00e8re chez Perfectie @ Home.","robots":{"index":"index","follow":"follow","max-snippet":"max-snippet:-1","max-image-preview":"max-image-preview:large","max-video-preview":"max-video-preview:-1"},"canonical":"https:\/\/perfectieathome.be\/fr\/emplois\/","og_locale":"fr_FR","og_type":"article","og_title":"Travailler comme aide-m\u00e9nag\u00e8re. Un emploi comme aide-m\u00e9nag\u00e8re chez Perfectie @ Home.","og_description":"Vous cherchez un emploi comme aide-m\u00e9nag\u00e8re. Voulez-vous travailler comme aide-m\u00e9nag\u00e8re. Postulez pour un emploi passionnant et stable comme aide-m\u00e9nag\u00e8re chez Perfectie @ Home.","og_url":"https:\/\/perfectieathome.be\/fr\/emplois\/","og_site_name":"Perfectie @ home","article_modified_time":"2024-07-12T08:28:43+00:00","twitter_card":"summary_large_image","schema":{"@context":"https:\/\/schema.org","@graph":[{"@type":"WebPage","@id":"https:\/\/perfectieathome.be\/fr\/emplois\/","url":"https:\/\/perfectieathome.be\/fr\/emplois\/","name":"Travailler comme aide-m\u00e9nag\u00e8re. Un emploi comme aide-m\u00e9nag\u00e8re chez Perfectie @ Home.","isPartOf":{"@id":"https:\/\/perfectieathome.be\/fr\/#website"},"datePublished":"2024-05-22T19:52:28+00:00","dateModified":"2024-07-12T08:28:43+00:00","description":"Vous cherchez un emploi comme aide-m\u00e9nag\u00e8re. Voulez-vous travailler comme aide-m\u00e9nag\u00e8re. Postulez pour un emploi passionnant et stable comme aide-m\u00e9nag\u00e8re chez Perfectie @ Home.","breadcrumb":{"@id":"https:\/\/perfectieathome.be\/fr\/emplois\/#breadcrumb"},"inLanguage":"fr-FR","potentialAction":[{"@type":"ReadAction","target":["https:\/\/perfectieathome.be\/fr\/emplois\/"]}]},{"@type":"BreadcrumbList","@id":"https:\/\/perfectieathome.be\/fr\/emplois\/#breadcrumb","itemListElement":[{"@type":"ListItem","position":1,"name":"Home","item":"https:\/\/perfectieathome.be\/fr\/"},{"@type":"ListItem","position":2,"name":"Emplois"}]},{"@type":"WebSite","@id":"https:\/\/perfectieathome.be\/fr\/#website","url":"https:\/\/perfectieathome.be\/fr\/","name":"Perfectie @ home","description":"Poetshulp met dienstencheques","potentialAction":[{"@type":"SearchAction","target":{"@type":"EntryPoint","urlTemplate":"https:\/\/perfectieathome.be\/fr\/?s={search_term_string}"},"query-input":{"@type":"PropertyValueSpecification","valueRequired":true,"valueName":"search_term_string"}}],"inLanguage":"fr-FR"}]}},"_links":{"self":[{"href":"https:\/\/perfectieathome.be\/fr\/wp-json\/wp\/v2\/pages\/6545","targetHints":{"allow":["GET"]}}],"collection":[{"href":"https:\/\/perfectieathome.be\/fr\/wp-json\/wp\/v2\/pages"}],"about":[{"href":"https:\/\/perfectieathome.be\/fr\/wp-json\/wp\/v2\/types\/page"}],"author":[{"embeddable":true,"href":"https:\/\/perfectieathome.be\/fr\/wp-json\/wp\/v2\/users\/2"}],"replies":[{"embeddable":true,"href":"https:\/\/perfectieathome.be\/fr\/wp-json\/wp\/v2\/comments?post=6545"}],"version-history":[{"count":0,"href":"https:\/\/perfectieathome.be\/fr\/wp-json\/wp\/v2\/pages\/6545\/revisions"}],"wp:attachment":[{"href":"https:\/\/perfectieathome.be\/fr\/wp-json\/wp\/v2\/media?parent=6545"}],"curies":[{"name":"wp","href":"https:\/\/api.w.org\/{rel}","templated":true}]}}