{"id":6523,"date":"2024-06-12T08:04:54","date_gmt":"2024-06-12T08:04:54","guid":{"rendered":"https:\/\/perfectieathome.be\/comment-fonctionnent-les-cheques-services\/"},"modified":"2024-09-05T14:46:30","modified_gmt":"2024-09-05T14:46:30","slug":"comment-fonctionnent-les-cheques-services","status":"publish","type":"page","link":"https:\/\/perfectieathome.be\/fr\/cheques-services\/comment-fonctionnent-les-cheques-services\/","title":{"rendered":"Comment fonctionnent les ch\u00e8ques-services"},"content":{"rendered":"\t\t<div data-elementor-type=\"wp-page\" data-elementor-id=\"6523\" class=\"elementor elementor-6523 elementor-5643\" data-elementor-post-type=\"page\">\n\t\t\t\t\t\t<section class=\"elementor-section elementor-top-section elementor-element elementor-element-630b67a elementor-section-stretched overflow-hidden elementor-section-boxed elementor-section-height-default elementor-section-height-default\" data-id=\"630b67a\" data-element_type=\"section\" data-settings=\"{&quot;stretch_section&quot;:&quot;section-stretched&quot;}\">\n\t\t\t\t\t\t\t<div class=\"elementor-background-overlay\"><\/div>\n\t\t\t\t\t\t\t<div class=\"elementor-container elementor-column-gap-no\">\n\t\t\t\t\t<div class=\"elementor-column elementor-col-100 elementor-top-column elementor-element elementor-element-e62d65d\" data-id=\"e62d65d\" data-element_type=\"column\">\n\t\t\t<div class=\"elementor-widget-wrap elementor-element-populated\">\n\t\t\t\t\t\t<div class=\"elementor-element elementor-element-70a961e elementor-view-default elementor-widget elementor-widget-icon\" data-id=\"70a961e\" data-element_type=\"widget\" data-widget_type=\"icon.default\">\n\t\t\t\t<div class=\"elementor-widget-container\">\n\t\t\t\t\t\t\t<div class=\"elementor-icon-wrapper\">\n\t\t\t<div class=\"elementor-icon\">\n\t\t\t<svg xmlns=\"http:\/\/www.w3.org\/2000\/svg\" xmlns:xlink=\"http:\/\/www.w3.org\/1999\/xlink\" x=\"0px\" y=\"0px\" viewBox=\"0 0 285 285\" style=\"enable-background:new 0 0 285 285;\" xml:space=\"preserve\"><path d=\"M189.8,171.6c0,4.1-3.4,7.5-7.5,7.5c-4.1,0-7.5-3.4-7.5-7.5c0-4.1,3.4-7.5,7.5-7.5C186.4,164.1,189.8,167.4,189.8,171.6 L189.8,171.6z M189.8,171.6\"><\/path><path d=\"M202.3,165.1c2.1,3.6,6.7,4.7,10.3,2.6c19.6-11.6,42.1-17.8,65-17.8c4.1,0,7.5-3.4,7.5-7.5s-3.4-7.5-7.5-7.5 C207.2,135,150,77.8,150,7.5c0-4.1-3.4-7.5-7.5-7.5c-4.1,0-7.5,3.4-7.5,7.5C135,77.8,77.8,135,7.5,135c-4.1,0-7.5,3.4-7.5,7.5 s3.4,7.5,7.5,7.5C77.8,150,135,207.2,135,277.5c0,4.1,3.4,7.5,7.5,7.5c4.1,0,7.5-3.4,7.5-7.5c0-22.9,6.1-45.4,17.8-65 c2.1-3.6,0.9-8.2-2.6-10.3c-3.6-2.1-8.2-0.9-10.3,2.6c-5.1,8.6-9.2,17.6-12.4,26.9c-14.2-41.9-47.4-75.1-89.3-89.3 c41.9-14.2,75.1-47.4,89.3-89.3c14.2,41.9,47.4,75.1,89.3,89.3c-9.4,3.2-18.4,7.3-26.9,12.4C201.3,157,200.1,161.6,202.3,165.1 L202.3,165.1z M202.3,165.1\"><\/path><\/svg>\t\t\t<\/div>\n\t\t<\/div>\n\t\t\t\t\t\t<\/div>\n\t\t\t\t<\/div>\n\t\t\t\t<div class=\"elementor-element elementor-element-d2cd371 heading-default align-center elementor-widget elementor-widget-mae-headings\" data-id=\"d2cd371\" data-element_type=\"widget\" data-widget_type=\"mae-headings.default\">\n\t\t\t\t<div class=\"elementor-widget-container\">\n\t\t\t\t\t\t\t<div class=\"master-heading sep-none\">\n\t\t\t\t        \t        \t<div class=\"pre-heading\"><span class=\"line\"><span class=\"inner\"><\/span><\/span>Huishoudhulp en strijkhulp met dienstencheques is voordelig<\/div>\n\t        \n\t        \n\t        \t        <h2 class=\"main-heading\">Hoe werken dienstencheques bij \nPerfectie @ Home?<\/h2>\n\t        \n\t        \n\t        \t            <div class=\"sub-heading\">Bij Perfectie @ Home maken we het gemakkelijk en voordelig om jouw huishoudelijke hulp en strijkhulp aan huis te betalen via dienstencheques. Dit systeem biedt niet alleen financieel voordeel, maar zorgt er ook voor dat je op een transparante manier kunt genieten van professionele hulp in huis. Zo werkt het: <\/div>\n\t        \t    <\/div>\n\t    \t\t\t\t<\/div>\n\t\t\t\t<\/div>\n\t\t\t\t<section class=\"elementor-section elementor-inner-section elementor-element elementor-element-4902076 elementor-section-boxed elementor-section-height-default elementor-section-height-default\" data-id=\"4902076\" data-element_type=\"section\">\n\t\t\t\t\t\t<div class=\"elementor-container elementor-column-gap-default\">\n\t\t\t\t\t<div class=\"elementor-column elementor-col-50 elementor-inner-column elementor-element elementor-element-3cb36b4\" data-id=\"3cb36b4\" data-element_type=\"column\">\n\t\t\t<div class=\"elementor-widget-wrap elementor-element-populated\">\n\t\t\t\t\t\t<div class=\"elementor-element elementor-element-2800a6b heading-style-1 elementor-widget elementor-widget-mae-headings\" data-id=\"2800a6b\" data-element_type=\"widget\" data-widget_type=\"mae-headings.default\">\n\t\t\t\t<div class=\"elementor-widget-container\">\n\t\t\t\t\t\t\t<div class=\"master-heading sep-none\">\n\t\t\t\t        \n\t        \n\t        \t        <h2 class=\"main-heading\">1. Registratie bij Pluxee<\/h2>\n\t        \n\t        \n\t        \t            <div class=\"sub-heading\">Om gebruik te maken van dienstencheques, meld je je eerst aan bij Pluxee, de organisatie die verantwoordelijk is voor de verwerking. Dit kan eenvoudig via hun website of telefonisch. Na je registratie ontvang je een persoonlijk gebruikersnummer, waarmee je de dienstencheques kunt bestellen.<\/div>\n\t        \t    <\/div>\n\t    \t\t\t\t<\/div>\n\t\t\t\t<\/div>\n\t\t\t\t<div class=\"elementor-element elementor-element-298c6e9 heading-style-1 elementor-widget elementor-widget-mae-headings\" data-id=\"298c6e9\" data-element_type=\"widget\" data-widget_type=\"mae-headings.default\">\n\t\t\t\t<div class=\"elementor-widget-container\">\n\t\t\t\t\t\t\t<div class=\"master-heading sep-none\">\n\t\t\t\t        \n\t        \n\t        \t        <h2 class=\"main-heading\">2. Dienstencheques bestellen<\/h2>\n\t        \n\t        \n\t        \t            <div class=\"sub-heading\">Je kunt je dienstencheques heel gemakkelijk bestellen via de Pluxee app of hun online platform. Je hebt de keuze uit papieren of elektronische dienstencheques, afhankelijk van wat voor jou het handigst is. E\u00e9n cheque komt overeen met \u00e9\u00e9n uur huishoudelijke hulp, zoals schoonmaken of strijkwerk.<\/div>\n\t        \t    <\/div>\n\t    \t\t\t\t<\/div>\n\t\t\t\t<\/div>\n\t\t\t\t\t<\/div>\n\t\t<\/div>\n\t\t\t\t<div class=\"elementor-column elementor-col-50 elementor-inner-column elementor-element elementor-element-6ed8855\" data-id=\"6ed8855\" data-element_type=\"column\">\n\t\t\t<div class=\"elementor-widget-wrap elementor-element-populated\">\n\t\t\t\t\t\t<div class=\"elementor-element elementor-element-1aae538 heading-style-1 elementor-widget elementor-widget-mae-headings\" data-id=\"1aae538\" data-element_type=\"widget\" data-widget_type=\"mae-headings.default\">\n\t\t\t\t<div class=\"elementor-widget-container\">\n\t\t\t\t\t\t\t<div class=\"master-heading sep-none\">\n\t\t\t\t        \n\t        \n\t        \t        <h2 class=\"main-heading\">3. Dienstencheques gebruiken\n<\/h2>\n\t        \n\t        \n\t        \t            <div class=\"sub-heading\">Wanneer je huishoudhulp of strijkhulp aan huis bij Perfectie @ Home klaar is met de werkzaamheden, betaal je eenvoudig met je dienstencheques. Of je nu kiest voor de elektronische versie via de app of papieren cheques, het proces is snel en zonder gedoe. Elke cheque staat voor \u00e9\u00e9n uur werk van onze ervaren hulp.<\/div>\n\t        \t    <\/div>\n\t    \t\t\t\t<\/div>\n\t\t\t\t<\/div>\n\t\t\t\t<div class=\"elementor-element elementor-element-5a61419 heading-style-1 elementor-widget elementor-widget-mae-headings\" data-id=\"5a61419\" data-element_type=\"widget\" data-widget_type=\"mae-headings.default\">\n\t\t\t\t<div class=\"elementor-widget-container\">\n\t\t\t\t\t\t\t<div class=\"master-heading sep-none\">\n\t\t\t\t        \n\t        \n\t        \t        <h2 class=\"main-heading\">4. Indienen van de cheques<\/h2>\n\t        \n\t        \n\t        \t            <div class=\"sub-heading\">Na betaling dient onze huishoudhulp de cheques in bij Pluxee voor de uiteindelijke verwerking en betaling. Je hoeft verder niets te doen! Zo ben je verzekerd van een correcte afhandeling.<\/div>\n\t        \t    <\/div>\n\t    \t\t\t\t<\/div>\n\t\t\t\t<\/div>\n\t\t\t\t\t<\/div>\n\t\t<\/div>\n\t\t\t\t\t<\/div>\n\t\t<\/section>\n\t\t\t\t<div class=\"elementor-element elementor-element-d3ec590 heading-default align-center elementor-widget elementor-widget-mae-headings\" data-id=\"d3ec590\" data-element_type=\"widget\" data-widget_type=\"mae-headings.default\">\n\t\t\t\t<div class=\"elementor-widget-container\">\n\t\t\t\t\t\t\t<div class=\"master-heading sep-none\">\n\t\t\t\t        \n\t        \n\t        \n\t        \n\t        \t            <div class=\"sub-heading\">Met dienstencheques profiteer je van fiscale voordelen \u00e9n draag je bij aan sociaal verantwoorde tewerkstelling.\n\nMeer weten? Neem gerust contact met ons op, wij staan klaar om je te helpen!<\/div>\n\t        \t    <\/div>\n\t    \t\t\t\t<\/div>\n\t\t\t\t<\/div>\n\t\t\t\t\t<\/div>\n\t\t<\/div>\n\t\t\t\t\t<\/div>\n\t\t<\/section>\n\t\t\t\t<section class=\"elementor-section elementor-top-section elementor-element elementor-element-8ff8e10 elementor-section-content-middle elementor-section-full_width elementor-section-stretched elementor-section-height-default elementor-section-height-default\" data-id=\"8ff8e10\" data-element_type=\"section\" data-settings=\"{&quot;stretch_section&quot;:&quot;section-stretched&quot;,&quot;background_background&quot;:&quot;classic&quot;}\">\n\t\t\t\t\t\t<div class=\"elementor-container elementor-column-gap-no\">\n\t\t\t\t\t<div class=\"elementor-column elementor-col-50 elementor-top-column elementor-element elementor-element-a34028d animated-slow elementor-invisible\" data-id=\"a34028d\" data-element_type=\"column\" data-settings=\"{&quot;background_background&quot;:&quot;classic&quot;,&quot;animation&quot;:&quot;fadeIn&quot;,&quot;animation_delay&quot;:350}\">\n\t\t\t<div class=\"elementor-widget-wrap elementor-element-populated\">\n\t\t\t\t\t\t<div class=\"elementor-element elementor-element-8f20034 elementor-widget elementor-widget-shortcode\" data-id=\"8f20034\" data-element_type=\"widget\" data-widget_type=\"shortcode.default\">\n\t\t\t\t<div class=\"elementor-widget-container\">\n\t\t\t\t\t\t\t<div class=\"elementor-shortcode\"><\/div>\n\t\t\t\t\t\t<\/div>\n\t\t\t\t<\/div>\n\t\t\t\t\t<\/div>\n\t\t<\/div>\n\t\t\t\t<div class=\"elementor-column elementor-col-50 elementor-top-column elementor-element elementor-element-013b005 animated-slow elementor-invisible\" data-id=\"013b005\" data-element_type=\"column\" data-settings=\"{&quot;background_background&quot;:&quot;classic&quot;,&quot;animation&quot;:&quot;fadeIn&quot;,&quot;animation_delay&quot;:500}\">\n\t\t\t<div class=\"elementor-widget-wrap elementor-element-populated\">\n\t\t\t\t\t\t<div class=\"elementor-element elementor-element-11c9813 align-left heading-style-1 elementor-widget elementor-widget-mae-headings\" data-id=\"11c9813\" data-element_type=\"widget\" data-widget_type=\"mae-headings.default\">\n\t\t\t\t<div class=\"elementor-widget-container\">\n\t\t\t\t\t\t\t<div class=\"master-heading sep-none\">\n\t\t\t\t        \n\t        \n\t        \t        <h2 class=\"main-heading\">Altijd een kantoor in uw buurt...<\/h2>\n\t        \n\t        \n\t        \t            <div class=\"sub-heading\">Onze kantoren zijn dankzij de centrale ligging ook eenvoudig bereikbaar met het openbaar vervoer.<\/div>\n\t        \t    <\/div>\n\t    \t\t\t\t<\/div>\n\t\t\t\t<\/div>\n\t\t\t\t<div class=\"elementor-element elementor-element-f7bb87c elementor-widget__width-auto elementor-widget elementor-widget-mae-button\" data-id=\"f7bb87c\" data-element_type=\"widget\" data-widget_type=\"mae-button.default\">\n\t\t\t\t<div class=\"elementor-widget-container\">\n\t\t\t\t\t\n        <a class=\"master-button btn-accent icon-right medium\" href=\"\/onze-kantoren\" \n            >\n\n            <span class=\"inner\">\n                <span class=\"content-base\">\n                                        <span class=\"text\">Onze kantoren<\/span>\n                    <span class=\"icon ci ci-right-arrow\"><\/span>                <\/span>\n            <\/span>\n\n            <span class=\"bg-hover\"><\/span>        <\/a>\n\n        \t\t\t\t<\/div>\n\t\t\t\t<\/div>\n\t\t\t\t\t<\/div>\n\t\t<\/div>\n\t\t\t\t\t<\/div>\n\t\t<\/section>\n\t\t\t\t<\/div>\n\t\t","protected":false},"excerpt":{"rendered":"<p>Huishoudhulp en strijkhulp met dienstencheques is voordelig Hoe werken dienstencheques bij Perfectie @ Home? Bij Perfectie @ Home maken we het gemakkelijk en voordelig om jouw huishoudelijke hulp en strijkhulp aan huis te betalen via dienstencheques. Dit systeem biedt niet alleen financieel voordeel, maar zorgt er ook voor dat je<\/p>\n","protected":false},"author":1,"featured_media":0,"parent":6515,"menu_order":0,"comment_status":"closed","ping_status":"closed","template":"","meta":{"_acf_changed":false,"inline_featured_image":false,"footnotes":""},"class_list":["post-6523","page","type-page","status-publish","hentry"],"acf":[],"yoast_head":"<!-- This site is optimized with the Yoast SEO plugin v26.5 - https:\/\/yoast.com\/wordpress\/plugins\/seo\/ -->\n<title>Comment fonctionnent les ch\u00e8ques-services - Perfectie @ home<\/title>\n<meta name=\"robots\" content=\"index, follow, max-snippet:-1, max-image-preview:large, max-video-preview:-1\" \/>\n<link rel=\"canonical\" href=\"https:\/\/perfectieathome.be\/fr\/cheques-services\/comment-fonctionnent-les-cheques-services\/\" \/>\n<meta property=\"og:locale\" content=\"fr_FR\" \/>\n<meta property=\"og:type\" content=\"article\" \/>\n<meta property=\"og:title\" content=\"Comment fonctionnent les ch\u00e8ques-services - Perfectie @ home\" \/>\n<meta property=\"og:description\" content=\"Huishoudhulp en strijkhulp met dienstencheques is voordelig Hoe werken dienstencheques bij Perfectie @ Home? Bij Perfectie @ Home maken we het gemakkelijk en voordelig om jouw huishoudelijke hulp en strijkhulp aan huis te betalen via dienstencheques. Dit systeem biedt niet alleen financieel voordeel, maar zorgt er ook voor dat je\" \/>\n<meta property=\"og:url\" content=\"https:\/\/perfectieathome.be\/fr\/cheques-services\/comment-fonctionnent-les-cheques-services\/\" \/>\n<meta property=\"og:site_name\" content=\"Perfectie @ home\" \/>\n<meta property=\"article:modified_time\" content=\"2024-09-05T14:46:30+00:00\" \/>\n<meta name=\"twitter:card\" content=\"summary_large_image\" \/>\n<meta name=\"twitter:label1\" content=\"Est. reading time\" \/>\n\t<meta name=\"twitter:data1\" content=\"2 minutes\" \/>\n<script type=\"application\/ld+json\" class=\"yoast-schema-graph\">{\"@context\":\"https:\/\/schema.org\",\"@graph\":[{\"@type\":\"WebPage\",\"@id\":\"https:\/\/perfectieathome.be\/fr\/cheques-services\/comment-fonctionnent-les-cheques-services\/\",\"url\":\"https:\/\/perfectieathome.be\/fr\/cheques-services\/comment-fonctionnent-les-cheques-services\/\",\"name\":\"Comment fonctionnent les ch\u00e8ques-services - Perfectie @ home\",\"isPartOf\":{\"@id\":\"https:\/\/perfectieathome.be\/fr\/#website\"},\"datePublished\":\"2024-06-12T08:04:54+00:00\",\"dateModified\":\"2024-09-05T14:46:30+00:00\",\"breadcrumb\":{\"@id\":\"https:\/\/perfectieathome.be\/fr\/cheques-services\/comment-fonctionnent-les-cheques-services\/#breadcrumb\"},\"inLanguage\":\"fr-FR\",\"potentialAction\":[{\"@type\":\"ReadAction\",\"target\":[\"https:\/\/perfectieathome.be\/fr\/cheques-services\/comment-fonctionnent-les-cheques-services\/\"]}]},{\"@type\":\"BreadcrumbList\",\"@id\":\"https:\/\/perfectieathome.be\/fr\/cheques-services\/comment-fonctionnent-les-cheques-services\/#breadcrumb\",\"itemListElement\":[{\"@type\":\"ListItem\",\"position\":1,\"name\":\"Home\",\"item\":\"https:\/\/perfectieathome.be\/fr\/\"},{\"@type\":\"ListItem\",\"position\":2,\"name\":\"Ch\u00e8ques-services\",\"item\":\"https:\/\/perfectieathome.be\/fr\/cheques-services\/\"},{\"@type\":\"ListItem\",\"position\":3,\"name\":\"Comment fonctionnent les ch\u00e8ques-services\"}]},{\"@type\":\"WebSite\",\"@id\":\"https:\/\/perfectieathome.be\/fr\/#website\",\"url\":\"https:\/\/perfectieathome.be\/fr\/\",\"name\":\"Perfectie @ home\",\"description\":\"Poetshulp met dienstencheques\",\"potentialAction\":[{\"@type\":\"SearchAction\",\"target\":{\"@type\":\"EntryPoint\",\"urlTemplate\":\"https:\/\/perfectieathome.be\/fr\/?s={search_term_string}\"},\"query-input\":{\"@type\":\"PropertyValueSpecification\",\"valueRequired\":true,\"valueName\":\"search_term_string\"}}],\"inLanguage\":\"fr-FR\"}]}<\/script>\n<!-- \/ Yoast SEO plugin. -->","yoast_head_json":{"title":"Comment fonctionnent les ch\u00e8ques-services - Perfectie @ home","robots":{"index":"index","follow":"follow","max-snippet":"max-snippet:-1","max-image-preview":"max-image-preview:large","max-video-preview":"max-video-preview:-1"},"canonical":"https:\/\/perfectieathome.be\/fr\/cheques-services\/comment-fonctionnent-les-cheques-services\/","og_locale":"fr_FR","og_type":"article","og_title":"Comment fonctionnent les ch\u00e8ques-services - Perfectie @ home","og_description":"Huishoudhulp en strijkhulp met dienstencheques is voordelig Hoe werken dienstencheques bij Perfectie @ Home? Bij Perfectie @ Home maken we het gemakkelijk en voordelig om jouw huishoudelijke hulp en strijkhulp aan huis te betalen via dienstencheques. Dit systeem biedt niet alleen financieel voordeel, maar zorgt er ook voor dat je","og_url":"https:\/\/perfectieathome.be\/fr\/cheques-services\/comment-fonctionnent-les-cheques-services\/","og_site_name":"Perfectie @ home","article_modified_time":"2024-09-05T14:46:30+00:00","twitter_card":"summary_large_image","twitter_misc":{"Est. reading time":"2 minutes"},"schema":{"@context":"https:\/\/schema.org","@graph":[{"@type":"WebPage","@id":"https:\/\/perfectieathome.be\/fr\/cheques-services\/comment-fonctionnent-les-cheques-services\/","url":"https:\/\/perfectieathome.be\/fr\/cheques-services\/comment-fonctionnent-les-cheques-services\/","name":"Comment fonctionnent les ch\u00e8ques-services - Perfectie @ home","isPartOf":{"@id":"https:\/\/perfectieathome.be\/fr\/#website"},"datePublished":"2024-06-12T08:04:54+00:00","dateModified":"2024-09-05T14:46:30+00:00","breadcrumb":{"@id":"https:\/\/perfectieathome.be\/fr\/cheques-services\/comment-fonctionnent-les-cheques-services\/#breadcrumb"},"inLanguage":"fr-FR","potentialAction":[{"@type":"ReadAction","target":["https:\/\/perfectieathome.be\/fr\/cheques-services\/comment-fonctionnent-les-cheques-services\/"]}]},{"@type":"BreadcrumbList","@id":"https:\/\/perfectieathome.be\/fr\/cheques-services\/comment-fonctionnent-les-cheques-services\/#breadcrumb","itemListElement":[{"@type":"ListItem","position":1,"name":"Home","item":"https:\/\/perfectieathome.be\/fr\/"},{"@type":"ListItem","position":2,"name":"Ch\u00e8ques-services","item":"https:\/\/perfectieathome.be\/fr\/cheques-services\/"},{"@type":"ListItem","position":3,"name":"Comment fonctionnent les ch\u00e8ques-services"}]},{"@type":"WebSite","@id":"https:\/\/perfectieathome.be\/fr\/#website","url":"https:\/\/perfectieathome.be\/fr\/","name":"Perfectie @ home","description":"Poetshulp met dienstencheques","potentialAction":[{"@type":"SearchAction","target":{"@type":"EntryPoint","urlTemplate":"https:\/\/perfectieathome.be\/fr\/?s={search_term_string}"},"query-input":{"@type":"PropertyValueSpecification","valueRequired":true,"valueName":"search_term_string"}}],"inLanguage":"fr-FR"}]}},"_links":{"self":[{"href":"https:\/\/perfectieathome.be\/fr\/wp-json\/wp\/v2\/pages\/6523","targetHints":{"allow":["GET"]}}],"collection":[{"href":"https:\/\/perfectieathome.be\/fr\/wp-json\/wp\/v2\/pages"}],"about":[{"href":"https:\/\/perfectieathome.be\/fr\/wp-json\/wp\/v2\/types\/page"}],"author":[{"embeddable":true,"href":"https:\/\/perfectieathome.be\/fr\/wp-json\/wp\/v2\/users\/1"}],"replies":[{"embeddable":true,"href":"https:\/\/perfectieathome.be\/fr\/wp-json\/wp\/v2\/comments?post=6523"}],"version-history":[{"count":9,"href":"https:\/\/perfectieathome.be\/fr\/wp-json\/wp\/v2\/pages\/6523\/revisions"}],"predecessor-version":[{"id":8004,"href":"https:\/\/perfectieathome.be\/fr\/wp-json\/wp\/v2\/pages\/6523\/revisions\/8004"}],"up":[{"embeddable":true,"href":"https:\/\/perfectieathome.be\/fr\/wp-json\/wp\/v2\/pages\/6515"}],"wp:attachment":[{"href":"https:\/\/perfectieathome.be\/fr\/wp-json\/wp\/v2\/media?parent=6523"}],"curies":[{"name":"wp","href":"https:\/\/api.w.org\/{rel}","templated":true}]}}