{"id":6519,"date":"2024-05-21T22:09:18","date_gmt":"2024-05-21T22:09:18","guid":{"rendered":"https:\/\/perfectieathome.be\/cheques-services\/questions-frequemment-posees\/"},"modified":"2024-08-27T09:29:14","modified_gmt":"2024-08-27T09:29:14","slug":"questions-frequemment-posees","status":"publish","type":"page","link":"https:\/\/perfectieathome.be\/fr\/questions-frequemment-posees\/","title":{"rendered":"Questions fr\u00e9quemment pos\u00e9es"},"content":{"rendered":"\t\t<div data-elementor-type=\"wp-page\" data-elementor-id=\"6519\" class=\"elementor elementor-6519 elementor-4088\" data-elementor-post-type=\"page\">\n\t\t\t\t\t\t<section class=\"elementor-section elementor-top-section elementor-element elementor-element-c5fcc53 elementor-section-stretched elementor-section-boxed elementor-section-height-default elementor-section-height-default\" data-id=\"c5fcc53\" data-element_type=\"section\" data-settings=\"{&quot;stretch_section&quot;:&quot;section-stretched&quot;,&quot;background_background&quot;:&quot;classic&quot;}\">\n\t\t\t\t\t\t<div class=\"elementor-container elementor-column-gap-default\">\n\t\t\t\t\t<div class=\"elementor-column elementor-col-50 elementor-top-column elementor-element elementor-element-c90e294\" data-id=\"c90e294\" data-element_type=\"column\">\n\t\t\t<div class=\"elementor-widget-wrap elementor-element-populated\">\n\t\t\t\t\t\t<div class=\"elementor-element elementor-element-15e923d elementor-view-default elementor-widget elementor-widget-icon\" data-id=\"15e923d\" data-element_type=\"widget\" data-widget_type=\"icon.default\">\n\t\t\t\t<div class=\"elementor-widget-container\">\n\t\t\t\t\t\t\t<div class=\"elementor-icon-wrapper\">\n\t\t\t<div class=\"elementor-icon\">\n\t\t\t<svg xmlns=\"http:\/\/www.w3.org\/2000\/svg\" xmlns:xlink=\"http:\/\/www.w3.org\/1999\/xlink\" x=\"0px\" y=\"0px\" viewBox=\"0 0 285 285\" style=\"enable-background:new 0 0 285 285;\" xml:space=\"preserve\"><path d=\"M189.8,171.6c0,4.1-3.4,7.5-7.5,7.5c-4.1,0-7.5-3.4-7.5-7.5c0-4.1,3.4-7.5,7.5-7.5C186.4,164.1,189.8,167.4,189.8,171.6 L189.8,171.6z M189.8,171.6\"><\/path><path d=\"M202.3,165.1c2.1,3.6,6.7,4.7,10.3,2.6c19.6-11.6,42.1-17.8,65-17.8c4.1,0,7.5-3.4,7.5-7.5s-3.4-7.5-7.5-7.5 C207.2,135,150,77.8,150,7.5c0-4.1-3.4-7.5-7.5-7.5c-4.1,0-7.5,3.4-7.5,7.5C135,77.8,77.8,135,7.5,135c-4.1,0-7.5,3.4-7.5,7.5 s3.4,7.5,7.5,7.5C77.8,150,135,207.2,135,277.5c0,4.1,3.4,7.5,7.5,7.5c4.1,0,7.5-3.4,7.5-7.5c0-22.9,6.1-45.4,17.8-65 c2.1-3.6,0.9-8.2-2.6-10.3c-3.6-2.1-8.2-0.9-10.3,2.6c-5.1,8.6-9.2,17.6-12.4,26.9c-14.2-41.9-47.4-75.1-89.3-89.3 c41.9-14.2,75.1-47.4,89.3-89.3c14.2,41.9,47.4,75.1,89.3,89.3c-9.4,3.2-18.4,7.3-26.9,12.4C201.3,157,200.1,161.6,202.3,165.1 L202.3,165.1z M202.3,165.1\"><\/path><\/svg>\t\t\t<\/div>\n\t\t<\/div>\n\t\t\t\t\t\t<\/div>\n\t\t\t\t<\/div>\n\t\t\t\t<div class=\"elementor-element elementor-element-b76d951 heading-default elementor-widget elementor-widget-mae-headings\" data-id=\"b76d951\" data-element_type=\"widget\" data-widget_type=\"mae-headings.default\">\n\t\t\t\t<div class=\"elementor-widget-container\">\n\t\t\t\t\t\t\t<div class=\"master-heading sep-none\">\n\t\t\t\t        \t        \t<div class=\"pre-heading\"><span class=\"line\"><span class=\"inner\"><\/span><\/span>Meest gestelde vragen<\/div>\n\t        \n\t        \n\t        \t        <h2 class=\"main-heading\">Heb je een vraag voor ons?<\/h2>\n\t        \n\t        \n\t        \t    <\/div>\n\t    \t\t\t\t<\/div>\n\t\t\t\t<\/div>\n\t\t\t\t<div class=\"elementor-element elementor-element-b02d43b elementor-widget elementor-widget-text-editor\" data-id=\"b02d43b\" data-element_type=\"widget\" data-widget_type=\"text-editor.default\">\n\t\t\t\t<div class=\"elementor-widget-container\">\n\t\t\t\t\t\t\t\t\t<p>Lisez nos questions et r\u00e9ponses les plus fr\u00e9quemment pos\u00e9es.<\/p>\n<p>Vous avez encore une question? N&#8217;h\u00e9sitez pas \u00e0 nous <a href=\"https:\/\/perfectieathome.be\/dienstencheques\/contacteer-ons\/\">contacter<\/a>!<\/p>\n\t\t\t\t\t\t\t\t<\/div>\n\t\t\t\t<\/div>\n\t\t\t\t<div class=\"elementor-element elementor-element-4530bfd elementor-widget__width-initial img-100 elementor-invisible elementor-widget elementor-widget-image\" data-id=\"4530bfd\" data-element_type=\"widget\" data-settings=\"{&quot;_animation&quot;:&quot;fadeInUpSmall&quot;,&quot;_animation_delay&quot;:350}\" data-widget_type=\"image.default\">\n\t\t\t\t<div class=\"elementor-widget-container\">\n\t\t\t\t\t\t\t\t\t\t\t\t\t\t\t<img fetchpriority=\"high\" decoding=\"async\" width=\"1170\" height=\"705\" src=\"https:\/\/perfectieathome.be\/app\/uploads\/2024\/06\/poetshulp-1170x705.jpg\" class=\"attachment-qondri-post-standard size-qondri-post-standard wp-image-6319\" alt=\"\" \/>\t\t\t\t\t\t\t\t\t\t\t\t\t\t\t<\/div>\n\t\t\t\t<\/div>\n\t\t\t\t\t<\/div>\n\t\t<\/div>\n\t\t\t\t<div class=\"elementor-column elementor-col-50 elementor-top-column elementor-element elementor-element-6e98b0c\" data-id=\"6e98b0c\" data-element_type=\"column\">\n\t\t\t<div class=\"elementor-widget-wrap elementor-element-populated\">\n\t\t\t\t\t\t<div class=\"elementor-element elementor-element-89ec9ca accordion-style-2 arrow-right elementor-invisible elementor-widget elementor-widget-mae-accordion\" data-id=\"89ec9ca\" data-element_type=\"widget\" data-settings=\"{&quot;_animation&quot;:&quot;fadeIn&quot;,&quot;_animation_delay&quot;:500}\" data-widget_type=\"mae-accordion.default\">\n\t\t\t\t<div class=\"elementor-widget-container\">\n\t\t\t\t\t\n\t\t<div class=\"master-accordions\">\n\t\t\t\t\t\t\t\t\t\t\t<div class=\"item elementor-repeater-item-aa776c3\">\n\t\t\t\t\t<div class=\"title\">\n\t\t\t\t\t\t<div class=\"arrow\"><\/div>\n\t\t\t\t\t\t<h3>Met welke taken kan een huishoudhulp jou helpen?<\/h3>\n\t\t\t\t\t<\/div>\n\n\t\t\t\t\t<div class=\"content\">\n\t\t\t\t\t\t<p>Onze huishoudhulpen zijn er om jouw leven makkelijker te maken! Hier zijn enkele taken waarmee ze je kunnen helpen:<\/p><p>\u00a0<\/p><p><strong>Grondige schoonmaak:<\/strong> Van het stofzuigen van elke hoek tot het laten glanzen van ramen en het schoonmaken van de douche. Jouw huis zal stralen van netheid!<\/p><p><strong><br \/>Strijken:<\/strong> Laat de berg wasgoed aan ons over. Onze huishoudhulpen zorgen voor keurig gestreken huishoudlinnen, elke keer weer.<\/p><p><strong><br \/>Maaltijdbereiding:<\/strong> Geniet van een heerlijke huisgemaakte maaltijd die al klaarstaat in de koelkast wanneer je thuiskomt. Geen stress, alleen lekker eten!<\/p><p><strong><br \/>Onze Specialisatie:<\/strong> Wij richten ons op huishoudelijke taken zoals schoonmaken, strijken en koken. Voor kinderopvang, tuinonderhoud, het wassen van auto's of onderhoud van gemeenschappelijke delen kun je het beste een gespecialiseerde dienst inschakelen.<\/p><p><br \/>Met onze huishoudhulpen weet je zeker dat je huis in goede handen is, zodat jij je kunt richten op de dingen die echt belangrijk zijn.<\/p>\t\t\t\t\t<\/div>\n\t\t\t\t<\/div>\n\t\t\t\t\t\t\t\t\t\t\t<div class=\"item elementor-repeater-item-e783165 active\">\n\t\t\t\t\t<div class=\"title\">\n\t\t\t\t\t\t<div class=\"arrow\"><\/div>\n\t\t\t\t\t\t<h3>Hoe dienstencheques aanvragen?<\/h3>\n\t\t\t\t\t<\/div>\n\n\t\t\t\t\t<div class=\"content\">\n\t\t\t\t\t\t<p>Dat is heel eenvoudig. Je maakt een account aan bij <a href=\"https:\/\/www.sodexo.be\/gesubsieerde-producten\/dienstencheques\/\" target=\"_blank\" rel=\"noopener\">Pluxee<\/a>, zij zijn de officiele uitgever van de dienstencheques. Je krijgt een gebruikersnummer en hiermee kan je je cheques bestellen. Per gewerkt uur betaal je \u00e9\u00e9n cheque en als je cheques bijna op zijn, bestel je gewoon nieuwe. Lekker makkelijk!<\/p>\t\t\t\t\t<\/div>\n\t\t\t\t<\/div>\n\t\t\t\t\t\t\t\t\t\t\t<div class=\"item elementor-repeater-item-65bd4a8\">\n\t\t\t\t\t<div class=\"title\">\n\t\t\t\t\t\t<div class=\"arrow\"><\/div>\n\t\t\t\t\t\t<h3>Wat zijn dienstencheques en waarom zijn ze interessant voor mij?<\/h3>\n\t\t\t\t\t<\/div>\n\n\t\t\t\t\t<div class=\"content\">\n\t\t\t\t\t\t<p>Dienstencheques zijn een papier of elektronisch betaalmiddel met een waarde van \u20ac 9. Deze kan gebruikt worden voor huishoudelijke hulp, zoals bv. Een huishoudhulp of strijkhulp. Deze is extra interessant omdat de Vlaamse overheid een fiscale vermindering van 20 % voorziet. Hierdoor wordt de eigen bijdrage beperkt tot \u20ac 7,2 per cheque. Je dient enkel het fiscale attest bij je belastingaangifte toe te voegen.<\/p>\t\t\t\t\t<\/div>\n\t\t\t\t<\/div>\n\t\t\t\t\t\t\t\t\t\t\t<div class=\"item elementor-repeater-item-9306e69\">\n\t\t\t\t\t<div class=\"title\">\n\t\t\t\t\t\t<div class=\"arrow\"><\/div>\n\t\t\t\t\t\t<h3>Zijn er naast de dienstencheques nog andere bijkomende kosten?<\/h3>\n\t\t\t\t\t<\/div>\n\n\t\t\t\t\t<div class=\"content\">\n\t\t\t\t\t\t<p>Bij Perfectie @ Home geniet je niet alleen van voordelige huishoudelijke hulp met dienstencheques, maar ook van transparante en eerlijke administratieve kosten. Voor de dienstencheques betaal je \u20ac9 per cheque, goed voor \u00e9\u00e9n uur werk.<\/p><p class=\"p1\">\u00a0<\/p><p>Daarnaast rekenen we een kleine administratiekost van \u20ac0,35 per gewerkt uur, die per trimester wordt afgerekend.<\/p><p>\u00a0<\/p><p>Dankzij deze eenvoudige en duidelijke kostenstructuur weet je altijd precies waar je aan toe bent. Bovendien profiteer je van fiscale voordelen, waardoor je netto nog voordeliger uit bent. In Vlaanderen krijg je bijvoorbeeld 20% belastingvermindering op de eerste 167 cheques per jaar, wat de netto kostprijs op \u20ac7,20 per cheque brengt.<\/p><p>\u00a0<\/p>\t\t\t\t\t<\/div>\n\t\t\t\t<\/div>\n\t\t\t\t\t\t\t\t\t\t\t<div class=\"item elementor-repeater-item-6363989\">\n\t\t\t\t\t<div class=\"title\">\n\t\t\t\t\t\t<div class=\"arrow\"><\/div>\n\t\t\t\t\t\t<h3>Mag de huishoudhulp roken in mijn huis?<\/h3>\n\t\t\t\t\t<\/div>\n\n\t\t\t\t\t<div class=\"content\">\n\t\t\t\t\t\t<p>Nee, de huishoudhulp mag niet roken tijdens het werk in je huis. We willen een schone en frisse werkomgeving voor iedereen behouden.<\/p>\t\t\t\t\t<\/div>\n\t\t\t\t<\/div>\n\t\t\t\t\t\t\t\t\t\t\t<div class=\"item elementor-repeater-item-7f5b451\">\n\t\t\t\t\t<div class=\"title\">\n\t\t\t\t\t\t<div class=\"arrow\"><\/div>\n\t\t\t\t\t\t<h3>Heeft mijn huishoudhulp recht op pauze?<\/h3>\n\t\t\t\t\t<\/div>\n\n\t\t\t\t\t<div class=\"content\">\n\t\t\t\t\t\t<p>Ja, je huishoudhulp heeft recht op pauze. Voor elke 4 uur werk heeft de werknemer recht op een betaalde pauze van 15 minuten. Als de medewerker meer dan 6 uur bij \u00e9\u00e9n gebruiker werkt, heeft hij\/zij recht op een onbetaalde middagpauze van een half uur, die kan worden genomen bij de klant thuis.<\/p>\t\t\t\t\t<\/div>\n\t\t\t\t<\/div>\n\t\t\t\t\t\t\t\t\t\t\t<div class=\"item elementor-repeater-item-afc1cb0\">\n\t\t\t\t\t<div class=\"title\">\n\t\t\t\t\t\t<div class=\"arrow\"><\/div>\n\t\t\t\t\t\t<h3>Kan mijn huishoudhulp ook in het weekend werken?<\/h3>\n\t\t\t\t\t<\/div>\n\n\t\t\t\t\t<div class=\"content\">\n\t\t\t\t\t\t<p>Onze poetshulpen mogen op zaterdag werken, maar het aanbod hiervoor is zeer beperkt. Check daarom altijd even bij ons kantoor of er een poetshulp beschikbaar is.<\/p>\t\t\t\t\t<\/div>\n\t\t\t\t<\/div>\n\t\t\t\t\t\t\t\t\t\t\t<div class=\"item elementor-repeater-item-8478821\">\n\t\t\t\t\t<div class=\"title\">\n\t\t\t\t\t\t<div class=\"arrow\"><\/div>\n\t\t\t\t\t\t<h3>Wat moet ik doen in geval van schade?<\/h3>\n\t\t\t\t\t<\/div>\n\n\t\t\t\t\t<div class=\"content\">\n\t\t\t\t\t\t<p>Hoewel je huishoudhulp altijd voorzichtig is, kan er soms toch iets misgaan. Gelukkig is Perfectie @ Home verzekerd voor materi\u00eble schade als je huishoudhulp hiervoor verantwoordelijk is. Meld schadegevallen binnen 48 uur na het voorval via <a rel=\"noreferrer\">schade@perfectieathome.be<\/a>. We zorgen ervoor dat het snel en goed wordt afgehandeld!<\/p>\t\t\t\t\t<\/div>\n\t\t\t\t<\/div>\n\t\t\t\t\t\t\t\t\t\t\t<div class=\"item elementor-repeater-item-1ffcde9\">\n\t\t\t\t\t<div class=\"title\">\n\t\t\t\t\t\t<div class=\"arrow\"><\/div>\n\t\t\t\t\t\t<h3>Wat moet ik doen als ik op vakantie ga?<\/h3>\n\t\t\t\t\t<\/div>\n\n\t\t\t\t\t<div class=\"content\">\n\t\t\t\t\t\t<p>Als je van plan bent om op vakantie te gaan, vragen we je om ons dit minimaal 14 dagen van tevoren te laten weten. Dit geeft ons voldoende tijd om de nodige aanpassingen te maken in onze planning. In geval van overmacht, verzoeken we je ons uiterlijk 24 uur van tevoren op de hoogte te stellen. Houd er rekening mee dat je maximaal drie opeenvolgende weken kunt annuleren. Voor meer informatie, vragen of feedback kun je altijd terecht bij je vaste contactpersoon op ons kantoor.<\/p>\t\t\t\t\t<\/div>\n\t\t\t\t<\/div>\n\t\t\t\t\t\t\t\t\t\t\t<div class=\"item elementor-repeater-item-bbc9449\">\n\t\t\t\t\t<div class=\"title\">\n\t\t\t\t\t\t<div class=\"arrow\"><\/div>\n\t\t\t\t\t\t<h3>Wat als mijn huishoudhulp vakantie heeft?<\/h3>\n\t\t\t\t\t<\/div>\n\n\t\t\t\t\t<div class=\"content\">\n\t\t\t\t\t\t<p>Wanneer je huishoudhulp met vakantie is, zoeken we graag vervanging voor jou. Onze huishoudhulpen hebben recht op 4 weken vakantie per jaar, maar we helpen je graag verder om ervoor te zorgen dat je tijdens hun afwezigheid niet zonder hulp zit.<\/p>\t\t\t\t\t<\/div>\n\t\t\t\t<\/div>\n\t\t\t\t\t\t\t\t\t\t\t<div class=\"item elementor-repeater-item-5d0fb14\">\n\t\t\t\t\t<div class=\"title\">\n\t\t\t\t\t\t<div class=\"arrow\"><\/div>\n\t\t\t\t\t\t<h3>Wat moet ik doen als mijn huishoudhulp ziek is?<\/h3>\n\t\t\t\t\t<\/div>\n\n\t\t\t\t\t<div class=\"content\">\n\t\t\t\t\t\t<p>Als je huishoudhulp ziek is, word je hiervan zo snel mogelijk op de hoogte gebracht door ons kantoor. Je kunt ervoor kiezen om een vervangende hulp aan te vragen. We streven ernaar om zo snel mogelijk een vervanger te regelen op een tijdstip dat jou schikt. Houd er wel rekening mee dat er bij vervanging wijzigingen in het afgesproken uurrooster kunnen optreden.<\/p>\t\t\t\t\t<\/div>\n\t\t\t\t<\/div>\n\t\t\t\t\t\t\t\t\t\t\t<div class=\"item elementor-repeater-item-2f48c47\">\n\t\t\t\t\t<div class=\"title\">\n\t\t\t\t\t\t<div class=\"arrow\"><\/div>\n\t\t\t\t\t\t<h3>Wat moet ik doen als ik niet tevreden ben?<\/h3>\n\t\t\t\t\t<\/div>\n\n\t\t\t\t\t<div class=\"content\">\n\t\t\t\t\t\t<p>Bij Perfectie @ Home streven we ernaar om aan al je verwachtingen te voldoen. Mocht je toch niet tevreden zijn met onze diensten, laat het ons dan zo snel mogelijk weten. Je kunt contact opnemen met je vaste contactpersoon op ons kantoor. Wij nemen je feedback serieus en zullen ons uiterste best doen om samen tot een passende oplossing te komen.<\/p>\t\t\t\t\t<\/div>\n\t\t\t\t<\/div>\n\t\t\t\t\t\t\t\t\t\t\t<div class=\"item elementor-repeater-item-363ab37\">\n\t\t\t\t\t<div class=\"title\">\n\t\t\t\t\t\t<div class=\"arrow\"><\/div>\n\t\t\t\t\t\t<h3>Werken huishoudhulpen en kantoorbedienden op feestdagen en brugdagen?<\/h3>\n\t\t\t\t\t<\/div>\n\n\t\t\t\t\t<div class=\"content\">\n\t\t\t\t\t\t<p>Nee, zowel onze poetshulpen als kantoorbedienden werken niet op feestdagen of brugdagen. Op deze dagen zijn onze kantoren gesloten en zijn alle medewerkers vrij.<\/p><p>\u00a0<\/p>\t\t\t\t\t<\/div>\n\t\t\t\t<\/div>\n\t\t\t\t\t\t\t\t\t\t\t<div class=\"item elementor-repeater-item-3be65a6\">\n\t\t\t\t\t<div class=\"title\">\n\t\t\t\t\t\t<div class=\"arrow\"><\/div>\n\t\t\t\t\t\t<h3>Wat is de opzegtermijn? <\/h3>\n\t\t\t\t\t<\/div>\n\n\t\t\t\t\t<div class=\"content\">\n\t\t\t\t\t\t<p>De opzegtermijn bedraagt 4 weken. Zo kunnen we voldoende tijd nemen om alles netjes af te ronden en eventueel een nieuwe regeling te treffen.<\/p>\t\t\t\t\t<\/div>\n\t\t\t\t<\/div>\n\t\t\t\t    <\/div>\n\n\t    \t\t\t\t<\/div>\n\t\t\t\t<\/div>\n\t\t\t\t\t<\/div>\n\t\t<\/div>\n\t\t\t\t\t<\/div>\n\t\t<\/section>\n\t\t\t\t<\/div>\n\t\t","protected":false},"excerpt":{"rendered":"<p>Meest gestelde vragen Heb je een vraag voor ons? Lisez nos questions et r\u00e9ponses les plus fr\u00e9quemment pos\u00e9es. Vous avez encore une question? N&#8217;h\u00e9sitez pas \u00e0 nous contacter! Met welke taken kan een huishoudhulp jou helpen? Onze huishoudhulpen zijn er om jouw leven makkelijker te maken! Hier zijn enkele taken<\/p>\n","protected":false},"author":2,"featured_media":0,"parent":0,"menu_order":0,"comment_status":"closed","ping_status":"closed","template":"","meta":{"_acf_changed":false,"inline_featured_image":false,"footnotes":""},"class_list":["post-6519","page","type-page","status-publish","hentry"],"acf":[],"yoast_head":"<!-- This site is optimized with the Yoast SEO plugin v26.5 - https:\/\/yoast.com\/wordpress\/plugins\/seo\/ -->\n<title>Questions fr\u00e9quemment pos\u00e9es - Perfectie @ home<\/title>\n<meta name=\"robots\" content=\"index, follow, max-snippet:-1, max-image-preview:large, max-video-preview:-1\" \/>\n<link rel=\"canonical\" href=\"https:\/\/perfectieathome.be\/fr\/questions-frequemment-posees\/\" \/>\n<meta property=\"og:locale\" content=\"fr_FR\" \/>\n<meta property=\"og:type\" content=\"article\" \/>\n<meta property=\"og:title\" content=\"Questions fr\u00e9quemment pos\u00e9es - Perfectie @ home\" \/>\n<meta property=\"og:description\" content=\"Meest gestelde vragen Heb je een vraag voor ons? Lisez nos questions et r\u00e9ponses les plus fr\u00e9quemment pos\u00e9es. Vous avez encore une question? N&#8217;h\u00e9sitez pas \u00e0 nous contacter! Met welke taken kan een huishoudhulp jou helpen? Onze huishoudhulpen zijn er om jouw leven makkelijker te maken! Hier zijn enkele taken\" \/>\n<meta property=\"og:url\" content=\"https:\/\/perfectieathome.be\/fr\/questions-frequemment-posees\/\" \/>\n<meta property=\"og:site_name\" content=\"Perfectie @ home\" \/>\n<meta property=\"article:modified_time\" content=\"2024-08-27T09:29:14+00:00\" \/>\n<meta property=\"og:image\" content=\"https:\/\/perfectieathome.be\/app\/uploads\/2024\/06\/poetshulp-1170x705.jpg\" \/>\n<meta name=\"twitter:card\" content=\"summary_large_image\" \/>\n<meta name=\"twitter:label1\" content=\"Est. reading time\" \/>\n\t<meta name=\"twitter:data1\" content=\"5 minutes\" \/>\n<script type=\"application\/ld+json\" class=\"yoast-schema-graph\">{\"@context\":\"https:\/\/schema.org\",\"@graph\":[{\"@type\":\"WebPage\",\"@id\":\"https:\/\/perfectieathome.be\/fr\/questions-frequemment-posees\/\",\"url\":\"https:\/\/perfectieathome.be\/fr\/questions-frequemment-posees\/\",\"name\":\"Questions fr\u00e9quemment pos\u00e9es - Perfectie @ home\",\"isPartOf\":{\"@id\":\"https:\/\/perfectieathome.be\/fr\/#website\"},\"primaryImageOfPage\":{\"@id\":\"https:\/\/perfectieathome.be\/fr\/questions-frequemment-posees\/#primaryimage\"},\"image\":{\"@id\":\"https:\/\/perfectieathome.be\/fr\/questions-frequemment-posees\/#primaryimage\"},\"thumbnailUrl\":\"https:\/\/perfectieathome.be\/app\/uploads\/2024\/06\/poetshulp-1170x705.jpg\",\"datePublished\":\"2024-05-21T22:09:18+00:00\",\"dateModified\":\"2024-08-27T09:29:14+00:00\",\"breadcrumb\":{\"@id\":\"https:\/\/perfectieathome.be\/fr\/questions-frequemment-posees\/#breadcrumb\"},\"inLanguage\":\"fr-FR\",\"potentialAction\":[{\"@type\":\"ReadAction\",\"target\":[\"https:\/\/perfectieathome.be\/fr\/questions-frequemment-posees\/\"]}]},{\"@type\":\"ImageObject\",\"inLanguage\":\"fr-FR\",\"@id\":\"https:\/\/perfectieathome.be\/fr\/questions-frequemment-posees\/#primaryimage\",\"url\":\"https:\/\/perfectieathome.be\/app\/uploads\/2024\/06\/poetshulp-1170x705.jpg\",\"contentUrl\":\"https:\/\/perfectieathome.be\/app\/uploads\/2024\/06\/poetshulp-1170x705.jpg\"},{\"@type\":\"BreadcrumbList\",\"@id\":\"https:\/\/perfectieathome.be\/fr\/questions-frequemment-posees\/#breadcrumb\",\"itemListElement\":[{\"@type\":\"ListItem\",\"position\":1,\"name\":\"Home\",\"item\":\"https:\/\/perfectieathome.be\/fr\/\"},{\"@type\":\"ListItem\",\"position\":2,\"name\":\"Questions fr\u00e9quemment pos\u00e9es\"}]},{\"@type\":\"WebSite\",\"@id\":\"https:\/\/perfectieathome.be\/fr\/#website\",\"url\":\"https:\/\/perfectieathome.be\/fr\/\",\"name\":\"Perfectie @ home\",\"description\":\"Poetshulp met dienstencheques\",\"potentialAction\":[{\"@type\":\"SearchAction\",\"target\":{\"@type\":\"EntryPoint\",\"urlTemplate\":\"https:\/\/perfectieathome.be\/fr\/?s={search_term_string}\"},\"query-input\":{\"@type\":\"PropertyValueSpecification\",\"valueRequired\":true,\"valueName\":\"search_term_string\"}}],\"inLanguage\":\"fr-FR\"}]}<\/script>\n<!-- \/ Yoast SEO plugin. -->","yoast_head_json":{"title":"Questions fr\u00e9quemment pos\u00e9es - Perfectie @ home","robots":{"index":"index","follow":"follow","max-snippet":"max-snippet:-1","max-image-preview":"max-image-preview:large","max-video-preview":"max-video-preview:-1"},"canonical":"https:\/\/perfectieathome.be\/fr\/questions-frequemment-posees\/","og_locale":"fr_FR","og_type":"article","og_title":"Questions fr\u00e9quemment pos\u00e9es - Perfectie @ home","og_description":"Meest gestelde vragen Heb je een vraag voor ons? Lisez nos questions et r\u00e9ponses les plus fr\u00e9quemment pos\u00e9es. Vous avez encore une question? N&#8217;h\u00e9sitez pas \u00e0 nous contacter! Met welke taken kan een huishoudhulp jou helpen? Onze huishoudhulpen zijn er om jouw leven makkelijker te maken! Hier zijn enkele taken","og_url":"https:\/\/perfectieathome.be\/fr\/questions-frequemment-posees\/","og_site_name":"Perfectie @ home","article_modified_time":"2024-08-27T09:29:14+00:00","og_image":[{"url":"https:\/\/perfectieathome.be\/app\/uploads\/2024\/06\/poetshulp-1170x705.jpg","type":"","width":"","height":""}],"twitter_card":"summary_large_image","twitter_misc":{"Est. reading time":"5 minutes"},"schema":{"@context":"https:\/\/schema.org","@graph":[{"@type":"WebPage","@id":"https:\/\/perfectieathome.be\/fr\/questions-frequemment-posees\/","url":"https:\/\/perfectieathome.be\/fr\/questions-frequemment-posees\/","name":"Questions fr\u00e9quemment pos\u00e9es - Perfectie @ home","isPartOf":{"@id":"https:\/\/perfectieathome.be\/fr\/#website"},"primaryImageOfPage":{"@id":"https:\/\/perfectieathome.be\/fr\/questions-frequemment-posees\/#primaryimage"},"image":{"@id":"https:\/\/perfectieathome.be\/fr\/questions-frequemment-posees\/#primaryimage"},"thumbnailUrl":"https:\/\/perfectieathome.be\/app\/uploads\/2024\/06\/poetshulp-1170x705.jpg","datePublished":"2024-05-21T22:09:18+00:00","dateModified":"2024-08-27T09:29:14+00:00","breadcrumb":{"@id":"https:\/\/perfectieathome.be\/fr\/questions-frequemment-posees\/#breadcrumb"},"inLanguage":"fr-FR","potentialAction":[{"@type":"ReadAction","target":["https:\/\/perfectieathome.be\/fr\/questions-frequemment-posees\/"]}]},{"@type":"ImageObject","inLanguage":"fr-FR","@id":"https:\/\/perfectieathome.be\/fr\/questions-frequemment-posees\/#primaryimage","url":"https:\/\/perfectieathome.be\/app\/uploads\/2024\/06\/poetshulp-1170x705.jpg","contentUrl":"https:\/\/perfectieathome.be\/app\/uploads\/2024\/06\/poetshulp-1170x705.jpg"},{"@type":"BreadcrumbList","@id":"https:\/\/perfectieathome.be\/fr\/questions-frequemment-posees\/#breadcrumb","itemListElement":[{"@type":"ListItem","position":1,"name":"Home","item":"https:\/\/perfectieathome.be\/fr\/"},{"@type":"ListItem","position":2,"name":"Questions fr\u00e9quemment pos\u00e9es"}]},{"@type":"WebSite","@id":"https:\/\/perfectieathome.be\/fr\/#website","url":"https:\/\/perfectieathome.be\/fr\/","name":"Perfectie @ home","description":"Poetshulp met dienstencheques","potentialAction":[{"@type":"SearchAction","target":{"@type":"EntryPoint","urlTemplate":"https:\/\/perfectieathome.be\/fr\/?s={search_term_string}"},"query-input":{"@type":"PropertyValueSpecification","valueRequired":true,"valueName":"search_term_string"}}],"inLanguage":"fr-FR"}]}},"_links":{"self":[{"href":"https:\/\/perfectieathome.be\/fr\/wp-json\/wp\/v2\/pages\/6519","targetHints":{"allow":["GET"]}}],"collection":[{"href":"https:\/\/perfectieathome.be\/fr\/wp-json\/wp\/v2\/pages"}],"about":[{"href":"https:\/\/perfectieathome.be\/fr\/wp-json\/wp\/v2\/types\/page"}],"author":[{"embeddable":true,"href":"https:\/\/perfectieathome.be\/fr\/wp-json\/wp\/v2\/users\/2"}],"replies":[{"embeddable":true,"href":"https:\/\/perfectieathome.be\/fr\/wp-json\/wp\/v2\/comments?post=6519"}],"version-history":[{"count":0,"href":"https:\/\/perfectieathome.be\/fr\/wp-json\/wp\/v2\/pages\/6519\/revisions"}],"wp:attachment":[{"href":"https:\/\/perfectieathome.be\/fr\/wp-json\/wp\/v2\/media?parent=6519"}],"curies":[{"name":"wp","href":"https:\/\/api.w.org\/{rel}","templated":true}]}}